{"id":9430,"date":"2024-10-01T13:54:48","date_gmt":"2024-10-01T17:54:48","guid":{"rendered":"http:\/\/cml-latin.cl\/site\/?post_type=product&#038;p=9430"},"modified":"2024-10-01T13:54:50","modified_gmt":"2024-10-01T17:54:50","slug":"1901950028","status":"publish","type":"product","link":"https:\/\/cml-latin.cl\/site\/producto\/1901950028\/","title":{"rendered":"1901950028"},"content":{"rendered":"<p>Gabinete Pl\u00e1stico Con Respaldo Reflectante 10kg<\/p>\n<p>Caracter\u00edsticas GABINETE EXTINTOR ABS 1X10 PLASTICO:<\/p>\n<p>Este gabinete es ideal lugares salinos y\/o con alta humedad, ambientes corrosivos y altamente t\u00f3xicos,<br \/>\nexposici\u00f3n a temperaturas bajo 0, altas temperaturas y vibraciones constantes. Fabricado en pl\u00e1stico ABS, resiste<br \/>\nincluso baja temperatura (-40 \u00b0C). Adem\u00e1s, este material es duro y r\u00edgido, tiene una resistencia qu\u00edmica<br \/>\naceptable, baja absorci\u00f3n de agua, y por lo tanto una buena estabilidad dimensional, con alta resistencia a la<br \/>\nabrasi\u00f3n, extendiendo la vida \u00fatil de su extintor al m\u00e1ximo.<\/p>\n<p>Dimensiones: alto 830mm ancho 310mm profundidad 263mm<\/p>\n<p>\u2022 Gabinete porta extintor incluye sistema de seguro pl\u00e1stico.<br \/>\n\u2022 Modelo: Cierre por enganche.<br \/>\n\u2022 Uso: Extintor 10 kilos aprox.<br \/>\n\u2022 Fabricaci\u00f3n en acrilonitrilo butadieno estireno. ABS<br \/>\n\u2022 Puerta con ventanas de acr\u00edlico transparente.<br \/>\n\u2022 Sello de goma interno.<\/p>\n<p>Caracter\u00edsticas RESPALDO REFLECTANTE EXTINTOR 10 kg:<br \/>\nFabricado en fierro laminado en frio y pintado con base ep\u00f3xica que evita la corrosi\u00f3n y reflectante blanco<br \/>\nDiamond Grade\u00ae DOT-C2, este accesorio permite ubicar el extintor port\u00e1til de acuerdo al Decreto Supremo<br \/>\nN\u00b0594 Ministerio de Salud, Norma Chilena N\u00b01433 ubicaci\u00f3n y se\u00f1alizaci\u00f3n de los extintores port\u00e1tiles. Esta<br \/>\nnorma nos permite instalar extintores port\u00e1tiles en muros o columnas, a una altura de 1.20 metros medidos<br \/>\ndesde el gatillo del extintor al suelo. No superando de ninguna manera 1.30 metros desde el suelo a la base del<br \/>\nextintor, a su vez ayudar a su identificaci\u00f3n y visualizaci\u00f3n a distancias.<\/p>\n<p>dimensiones: alto 750mm ancho 350mm espesor 1.5mm<br \/>\n\u2022 Disminuye las probabilidades de accidentes por ca\u00eddas.<br \/>\n\u2022 Optimizar los tiempos de respuesta, al ser visible.<br \/>\n\u2022 Fabricado en fierro laminado frio de 1.2 mm.<br \/>\n\u2022 Cubierto por pintura ep\u00f3xica color rojo.<br \/>\n\u2022 Incluye cinta reflectante Diamond Grade\u00ae DOT-C2 blanca.<br \/>\n\u2022 Incluye soporte mural extintor port\u00e1til de 10 kg<\/p>\n","protected":false},"excerpt":{"rendered":"<p>Gabinete Pl\u00e1stico Con Respaldo Reflectante 10kg Caracter\u00edsticas GABINETE EXTINTOR ABS 1X10 PLASTICO: Este gabinete es ideal lugares salinos y\/o con alta humedad, ambientes corrosivos y altamente t\u00f3xicos, exposici\u00f3n a temperaturas bajo 0, altas temperaturas y vibraciones constantes. Fabricado en pl\u00e1stico ABS, resiste incluso baja temperatura (-40 \u00b0C). Adem\u00e1s, este material es duro y r\u00edgido, tiene [&hellip;]<\/p>\n","protected":false},"featured_media":9431,"comment_status":"open","ping_status":"closed","template":"","meta":[],"product_brand":[],"product_cat":[17],"product_tag":[],"class_list":{"0":"post-9430","1":"product","2":"type-product","3":"status-publish","4":"has-post-thumbnail","6":"product_cat-sin-categorizar","8":"first","9":"instock","10":"shipping-taxable","11":"product-type-simple","12":"czr-hentry"},"yoast_head":"<!-- This site is optimized with the Yoast SEO plugin v27.5 - https:\/\/yoast.com\/product\/yoast-seo-wordpress\/ -->\n<title>1901950028 - CML<\/title>\n<meta name=\"robots\" content=\"index, follow, max-snippet:-1, max-image-preview:large, max-video-preview:-1\" \/>\n<link rel=\"canonical\" href=\"https:\/\/cml-latin.cl\/site\/producto\/1901950028\/\" \/>\n<meta property=\"og:locale\" content=\"es_ES\" \/>\n<meta property=\"og:type\" content=\"article\" \/>\n<meta property=\"og:title\" content=\"1901950028 - CML\" \/>\n<meta property=\"og:description\" content=\"Gabinete Pl\u00e1stico Con Respaldo Reflectante 10kg Caracter\u00edsticas GABINETE EXTINTOR ABS 1X10 PLASTICO: Este gabinete es ideal lugares salinos y\/o con alta humedad, ambientes corrosivos y altamente t\u00f3xicos, exposici\u00f3n a temperaturas bajo 0, altas temperaturas y vibraciones constantes. Fabricado en pl\u00e1stico ABS, resiste incluso baja temperatura (-40 \u00b0C). Adem\u00e1s, este material es duro y r\u00edgido, tiene [&hellip;]\" \/>\n<meta property=\"og:url\" content=\"https:\/\/cml-latin.cl\/site\/producto\/1901950028\/\" \/>\n<meta property=\"og:site_name\" content=\"CML\" \/>\n<meta property=\"article:modified_time\" content=\"2024-10-01T17:54:50+00:00\" \/>\n<meta property=\"og:image\" content=\"https:\/\/cml-latin.cl\/site\/wp-content\/uploads\/2024\/10\/GABINETA-Y-RESP-e1727805268214.png\" \/>\n\t<meta property=\"og:image:width\" content=\"250\" \/>\n\t<meta property=\"og:image:height\" content=\"206\" \/>\n\t<meta property=\"og:image:type\" content=\"image\/png\" \/>\n<meta name=\"twitter:card\" content=\"summary_large_image\" \/>\n<meta name=\"twitter:label1\" content=\"Tiempo de lectura\" \/>\n\t<meta name=\"twitter:data1\" content=\"2 minutos\" \/>\n<script type=\"application\/ld+json\" class=\"yoast-schema-graph\">{\"@context\":\"https:\\\/\\\/schema.org\",\"@graph\":[{\"@type\":\"WebPage\",\"@id\":\"https:\\\/\\\/cml-latin.cl\\\/site\\\/producto\\\/1901950028\\\/\",\"url\":\"https:\\\/\\\/cml-latin.cl\\\/site\\\/producto\\\/1901950028\\\/\",\"name\":\"1901950028 - CML\",\"isPartOf\":{\"@id\":\"https:\\\/\\\/cml-latin.cl\\\/site\\\/#website\"},\"primaryImageOfPage\":{\"@id\":\"https:\\\/\\\/cml-latin.cl\\\/site\\\/producto\\\/1901950028\\\/#primaryimage\"},\"image\":{\"@id\":\"https:\\\/\\\/cml-latin.cl\\\/site\\\/producto\\\/1901950028\\\/#primaryimage\"},\"thumbnailUrl\":\"https:\\\/\\\/cml-latin.cl\\\/site\\\/wp-content\\\/uploads\\\/2024\\\/10\\\/GABINETA-Y-RESP-e1727805268214.png\",\"datePublished\":\"2024-10-01T17:54:48+00:00\",\"dateModified\":\"2024-10-01T17:54:50+00:00\",\"breadcrumb\":{\"@id\":\"https:\\\/\\\/cml-latin.cl\\\/site\\\/producto\\\/1901950028\\\/#breadcrumb\"},\"inLanguage\":\"es\",\"potentialAction\":[{\"@type\":\"ReadAction\",\"target\":[\"https:\\\/\\\/cml-latin.cl\\\/site\\\/producto\\\/1901950028\\\/\"]}]},{\"@type\":\"ImageObject\",\"inLanguage\":\"es\",\"@id\":\"https:\\\/\\\/cml-latin.cl\\\/site\\\/producto\\\/1901950028\\\/#primaryimage\",\"url\":\"https:\\\/\\\/cml-latin.cl\\\/site\\\/wp-content\\\/uploads\\\/2024\\\/10\\\/GABINETA-Y-RESP-e1727805268214.png\",\"contentUrl\":\"https:\\\/\\\/cml-latin.cl\\\/site\\\/wp-content\\\/uploads\\\/2024\\\/10\\\/GABINETA-Y-RESP-e1727805268214.png\",\"width\":250,\"height\":206},{\"@type\":\"BreadcrumbList\",\"@id\":\"https:\\\/\\\/cml-latin.cl\\\/site\\\/producto\\\/1901950028\\\/#breadcrumb\",\"itemListElement\":[{\"@type\":\"ListItem\",\"position\":1,\"name\":\"Portada\",\"item\":\"https:\\\/\\\/cml-latin.cl\\\/site\\\/\"},{\"@type\":\"ListItem\",\"position\":2,\"name\":\"Tienda\",\"item\":\"https:\\\/\\\/cml-latin.cl\\\/site\\\/tienda\\\/\"},{\"@type\":\"ListItem\",\"position\":3,\"name\":\"1901950028\"}]},{\"@type\":\"WebSite\",\"@id\":\"https:\\\/\\\/cml-latin.cl\\\/site\\\/#website\",\"url\":\"https:\\\/\\\/cml-latin.cl\\\/site\\\/\",\"name\":\"CML\",\"description\":\"\",\"publisher\":{\"@id\":\"https:\\\/\\\/cml-latin.cl\\\/site\\\/#organization\"},\"potentialAction\":[{\"@type\":\"SearchAction\",\"target\":{\"@type\":\"EntryPoint\",\"urlTemplate\":\"https:\\\/\\\/cml-latin.cl\\\/site\\\/?s={search_term_string}\"},\"query-input\":{\"@type\":\"PropertyValueSpecification\",\"valueRequired\":true,\"valueName\":\"search_term_string\"}}],\"inLanguage\":\"es\"},{\"@type\":\"Organization\",\"@id\":\"https:\\\/\\\/cml-latin.cl\\\/site\\\/#organization\",\"name\":\"CML\",\"url\":\"https:\\\/\\\/cml-latin.cl\\\/site\\\/\",\"logo\":{\"@type\":\"ImageObject\",\"inLanguage\":\"es\",\"@id\":\"https:\\\/\\\/cml-latin.cl\\\/site\\\/#\\\/schema\\\/logo\\\/image\\\/\",\"url\":\"https:\\\/\\\/cml-latin.cl\\\/site\\\/wp-content\\\/uploads\\\/2019\\\/05\\\/cropped-logoOKGG.png\",\"contentUrl\":\"https:\\\/\\\/cml-latin.cl\\\/site\\\/wp-content\\\/uploads\\\/2019\\\/05\\\/cropped-logoOKGG.png\",\"width\":512,\"height\":140,\"caption\":\"CML\"},\"image\":{\"@id\":\"https:\\\/\\\/cml-latin.cl\\\/site\\\/#\\\/schema\\\/logo\\\/image\\\/\"}}]}<\/script>\n<!-- \/ Yoast SEO plugin. -->","yoast_head_json":{"title":"1901950028 - CML","robots":{"index":"index","follow":"follow","max-snippet":"max-snippet:-1","max-image-preview":"max-image-preview:large","max-video-preview":"max-video-preview:-1"},"canonical":"https:\/\/cml-latin.cl\/site\/producto\/1901950028\/","og_locale":"es_ES","og_type":"article","og_title":"1901950028 - CML","og_description":"Gabinete Pl\u00e1stico Con Respaldo Reflectante 10kg Caracter\u00edsticas GABINETE EXTINTOR ABS 1X10 PLASTICO: Este gabinete es ideal lugares salinos y\/o con alta humedad, ambientes corrosivos y altamente t\u00f3xicos, exposici\u00f3n a temperaturas bajo 0, altas temperaturas y vibraciones constantes. Fabricado en pl\u00e1stico ABS, resiste incluso baja temperatura (-40 \u00b0C). Adem\u00e1s, este material es duro y r\u00edgido, tiene [&hellip;]","og_url":"https:\/\/cml-latin.cl\/site\/producto\/1901950028\/","og_site_name":"CML","article_modified_time":"2024-10-01T17:54:50+00:00","og_image":[{"width":250,"height":206,"url":"https:\/\/cml-latin.cl\/site\/wp-content\/uploads\/2024\/10\/GABINETA-Y-RESP-e1727805268214.png","type":"image\/png"}],"twitter_card":"summary_large_image","twitter_misc":{"Tiempo de lectura":"2 minutos"},"schema":{"@context":"https:\/\/schema.org","@graph":[{"@type":"WebPage","@id":"https:\/\/cml-latin.cl\/site\/producto\/1901950028\/","url":"https:\/\/cml-latin.cl\/site\/producto\/1901950028\/","name":"1901950028 - CML","isPartOf":{"@id":"https:\/\/cml-latin.cl\/site\/#website"},"primaryImageOfPage":{"@id":"https:\/\/cml-latin.cl\/site\/producto\/1901950028\/#primaryimage"},"image":{"@id":"https:\/\/cml-latin.cl\/site\/producto\/1901950028\/#primaryimage"},"thumbnailUrl":"https:\/\/cml-latin.cl\/site\/wp-content\/uploads\/2024\/10\/GABINETA-Y-RESP-e1727805268214.png","datePublished":"2024-10-01T17:54:48+00:00","dateModified":"2024-10-01T17:54:50+00:00","breadcrumb":{"@id":"https:\/\/cml-latin.cl\/site\/producto\/1901950028\/#breadcrumb"},"inLanguage":"es","potentialAction":[{"@type":"ReadAction","target":["https:\/\/cml-latin.cl\/site\/producto\/1901950028\/"]}]},{"@type":"ImageObject","inLanguage":"es","@id":"https:\/\/cml-latin.cl\/site\/producto\/1901950028\/#primaryimage","url":"https:\/\/cml-latin.cl\/site\/wp-content\/uploads\/2024\/10\/GABINETA-Y-RESP-e1727805268214.png","contentUrl":"https:\/\/cml-latin.cl\/site\/wp-content\/uploads\/2024\/10\/GABINETA-Y-RESP-e1727805268214.png","width":250,"height":206},{"@type":"BreadcrumbList","@id":"https:\/\/cml-latin.cl\/site\/producto\/1901950028\/#breadcrumb","itemListElement":[{"@type":"ListItem","position":1,"name":"Portada","item":"https:\/\/cml-latin.cl\/site\/"},{"@type":"ListItem","position":2,"name":"Tienda","item":"https:\/\/cml-latin.cl\/site\/tienda\/"},{"@type":"ListItem","position":3,"name":"1901950028"}]},{"@type":"WebSite","@id":"https:\/\/cml-latin.cl\/site\/#website","url":"https:\/\/cml-latin.cl\/site\/","name":"CML","description":"","publisher":{"@id":"https:\/\/cml-latin.cl\/site\/#organization"},"potentialAction":[{"@type":"SearchAction","target":{"@type":"EntryPoint","urlTemplate":"https:\/\/cml-latin.cl\/site\/?s={search_term_string}"},"query-input":{"@type":"PropertyValueSpecification","valueRequired":true,"valueName":"search_term_string"}}],"inLanguage":"es"},{"@type":"Organization","@id":"https:\/\/cml-latin.cl\/site\/#organization","name":"CML","url":"https:\/\/cml-latin.cl\/site\/","logo":{"@type":"ImageObject","inLanguage":"es","@id":"https:\/\/cml-latin.cl\/site\/#\/schema\/logo\/image\/","url":"https:\/\/cml-latin.cl\/site\/wp-content\/uploads\/2019\/05\/cropped-logoOKGG.png","contentUrl":"https:\/\/cml-latin.cl\/site\/wp-content\/uploads\/2019\/05\/cropped-logoOKGG.png","width":512,"height":140,"caption":"CML"},"image":{"@id":"https:\/\/cml-latin.cl\/site\/#\/schema\/logo\/image\/"}}]}},"_links":{"self":[{"href":"https:\/\/cml-latin.cl\/site\/wp-json\/wp\/v2\/product\/9430","targetHints":{"allow":["GET"]}}],"collection":[{"href":"https:\/\/cml-latin.cl\/site\/wp-json\/wp\/v2\/product"}],"about":[{"href":"https:\/\/cml-latin.cl\/site\/wp-json\/wp\/v2\/types\/product"}],"replies":[{"embeddable":true,"href":"https:\/\/cml-latin.cl\/site\/wp-json\/wp\/v2\/comments?post=9430"}],"wp:featuredmedia":[{"embeddable":true,"href":"https:\/\/cml-latin.cl\/site\/wp-json\/wp\/v2\/media\/9431"}],"wp:attachment":[{"href":"https:\/\/cml-latin.cl\/site\/wp-json\/wp\/v2\/media?parent=9430"}],"wp:term":[{"taxonomy":"product_brand","embeddable":true,"href":"https:\/\/cml-latin.cl\/site\/wp-json\/wp\/v2\/product_brand?post=9430"},{"taxonomy":"product_cat","embeddable":true,"href":"https:\/\/cml-latin.cl\/site\/wp-json\/wp\/v2\/product_cat?post=9430"},{"taxonomy":"product_tag","embeddable":true,"href":"https:\/\/cml-latin.cl\/site\/wp-json\/wp\/v2\/product_tag?post=9430"}],"curies":[{"name":"wp","href":"https:\/\/api.w.org\/{rel}","templated":true}]}}