{"id":9426,"date":"2024-10-01T13:48:24","date_gmt":"2024-10-01T17:48:24","guid":{"rendered":"http:\/\/cml-latin.cl\/site\/?post_type=product&#038;p=9426"},"modified":"2024-10-01T13:50:06","modified_gmt":"2024-10-01T17:50:06","slug":"1901950009","status":"publish","type":"product","link":"https:\/\/cml-latin.cl\/site\/producto\/1901950009\/","title":{"rendered":"1901950009"},"content":{"rendered":"<p>EXTINTOR POLVO QUIMICO SECO 10 kg 75% (ABC) mod.<br \/>\nPQS75-10<\/p>\n<p>DETALLES DEL PRODUCTO<br \/>\nLos extintores port\u00e1tiles fabricados por Start Fire, cumplen con lo exigido por el Decreto Supremo N\u00b044<br \/>\ndel Ministerio de econom\u00eda y fomento a la construcci\u00f3n.<br \/>\nLos extintores port\u00e1tiles ABC tienen la capacidad de extinguir fuegos producidos por combustibles<br \/>\ns\u00f3lidos comunes, tales como, madera, productos textiles, papel, caucho y pl\u00e1sticos, l\u00edquidos<br \/>\ninflamables, l\u00edquidos combustibles, grasas de petr\u00f3leo, alquitranes, aceites, pinturas al aceite,<br \/>\nsolventes, lacas, barnices, alcoholes, gases inflamables y fuegos que involucran instalaciones y<br \/>\nequipos el\u00e9ctricos energizados. Este agente apaga el fuego en primera instancia desplazando el<br \/>\nox\u00edgeno del \u00e1rea, cambiando su estado f\u00edsico a cristales l\u00edquidos, disminuyendo la temperatura y<br \/>\nevitando la reignici\u00f3n al penetrar las brasas hasta formar una pel\u00edcula aislante al ox\u00edgeno.<br \/>\n\u2022 Usos previstos: veh\u00edculos motorizados de carga para transportar m\u00e1s de 1.750 kg, transportes<br \/>\nde cargas peligrosas; dos equipos por veh\u00edculo. Tambi\u00e9n en bodegas, industrias, comercios,<br \/>\nedificios, colegios, departamentos, casas amplias, miner\u00eda, supermercados, etc. Seg\u00fan normas<br \/>\ny estudios de cargas de fuego.<\/p>\n<p>\u2022 Clasificaci\u00f3n de extinci\u00f3n para fuegos ABC.<br \/>\n\u2022 Agente de extinci\u00f3n: polvo qu\u00edmico seco.<br \/>\n\u2022 Agente qu\u00edmico: fosfato mono am\u00f3nico al 75%<br \/>\n\u2022 Agente impulsor: N2 (Nitr\u00f3geno)<br \/>\n\u2022 Incluye soporte mural.<br \/>\n\u2022 Certificado por CESMEC de Bureau Veritas.<\/p>\n<p>&nbsp;<\/p>\n","protected":false},"excerpt":{"rendered":"<p>EXTINTOR POLVO QUIMICO SECO 10 kg 75% (ABC) mod. PQS75-10 DETALLES DEL PRODUCTO Los extintores port\u00e1tiles fabricados por Start Fire, cumplen con lo exigido por el Decreto Supremo N\u00b044 del Ministerio de econom\u00eda y fomento a la construcci\u00f3n. Los extintores port\u00e1tiles ABC tienen la capacidad de extinguir fuegos producidos por combustibles s\u00f3lidos comunes, tales como, [&hellip;]<\/p>\n","protected":false},"featured_media":9427,"comment_status":"open","ping_status":"closed","template":"","meta":[],"product_brand":[],"product_cat":[17],"product_tag":[],"class_list":{"0":"post-9426","1":"product","2":"type-product","3":"status-publish","4":"has-post-thumbnail","6":"product_cat-sin-categorizar","8":"first","9":"instock","10":"shipping-taxable","11":"product-type-simple","12":"czr-hentry"},"yoast_head":"<!-- This site is optimized with the Yoast SEO plugin v27.5 - https:\/\/yoast.com\/product\/yoast-seo-wordpress\/ -->\n<title>1901950009 - CML<\/title>\n<meta name=\"robots\" content=\"index, follow, max-snippet:-1, max-image-preview:large, max-video-preview:-1\" \/>\n<link rel=\"canonical\" href=\"https:\/\/cml-latin.cl\/site\/producto\/1901950009\/\" \/>\n<meta property=\"og:locale\" content=\"es_ES\" \/>\n<meta property=\"og:type\" content=\"article\" \/>\n<meta property=\"og:title\" content=\"1901950009 - CML\" \/>\n<meta property=\"og:description\" content=\"EXTINTOR POLVO QUIMICO SECO 10 kg 75% (ABC) mod. PQS75-10 DETALLES DEL PRODUCTO Los extintores port\u00e1tiles fabricados por Start Fire, cumplen con lo exigido por el Decreto Supremo N\u00b044 del Ministerio de econom\u00eda y fomento a la construcci\u00f3n. Los extintores port\u00e1tiles ABC tienen la capacidad de extinguir fuegos producidos por combustibles s\u00f3lidos comunes, tales como, [&hellip;]\" \/>\n<meta property=\"og:url\" content=\"https:\/\/cml-latin.cl\/site\/producto\/1901950009\/\" \/>\n<meta property=\"og:site_name\" content=\"CML\" \/>\n<meta property=\"article:modified_time\" content=\"2024-10-01T17:50:06+00:00\" \/>\n<meta property=\"og:image\" content=\"https:\/\/cml-latin.cl\/site\/wp-content\/uploads\/2024\/10\/EXTINTOR-PQS-e1727804889743.png\" \/>\n\t<meta property=\"og:image:width\" content=\"108\" \/>\n\t<meta property=\"og:image:height\" content=\"250\" \/>\n\t<meta property=\"og:image:type\" content=\"image\/png\" \/>\n<meta name=\"twitter:card\" content=\"summary_large_image\" \/>\n<meta name=\"twitter:label1\" content=\"Tiempo de lectura\" \/>\n\t<meta name=\"twitter:data1\" content=\"2 minutos\" \/>\n<script type=\"application\/ld+json\" class=\"yoast-schema-graph\">{\"@context\":\"https:\\\/\\\/schema.org\",\"@graph\":[{\"@type\":\"WebPage\",\"@id\":\"https:\\\/\\\/cml-latin.cl\\\/site\\\/producto\\\/1901950009\\\/\",\"url\":\"https:\\\/\\\/cml-latin.cl\\\/site\\\/producto\\\/1901950009\\\/\",\"name\":\"1901950009 - CML\",\"isPartOf\":{\"@id\":\"https:\\\/\\\/cml-latin.cl\\\/site\\\/#website\"},\"primaryImageOfPage\":{\"@id\":\"https:\\\/\\\/cml-latin.cl\\\/site\\\/producto\\\/1901950009\\\/#primaryimage\"},\"image\":{\"@id\":\"https:\\\/\\\/cml-latin.cl\\\/site\\\/producto\\\/1901950009\\\/#primaryimage\"},\"thumbnailUrl\":\"https:\\\/\\\/cml-latin.cl\\\/site\\\/wp-content\\\/uploads\\\/2024\\\/10\\\/EXTINTOR-PQS-e1727804889743.png\",\"datePublished\":\"2024-10-01T17:48:24+00:00\",\"dateModified\":\"2024-10-01T17:50:06+00:00\",\"breadcrumb\":{\"@id\":\"https:\\\/\\\/cml-latin.cl\\\/site\\\/producto\\\/1901950009\\\/#breadcrumb\"},\"inLanguage\":\"es\",\"potentialAction\":[{\"@type\":\"ReadAction\",\"target\":[\"https:\\\/\\\/cml-latin.cl\\\/site\\\/producto\\\/1901950009\\\/\"]}]},{\"@type\":\"ImageObject\",\"inLanguage\":\"es\",\"@id\":\"https:\\\/\\\/cml-latin.cl\\\/site\\\/producto\\\/1901950009\\\/#primaryimage\",\"url\":\"https:\\\/\\\/cml-latin.cl\\\/site\\\/wp-content\\\/uploads\\\/2024\\\/10\\\/EXTINTOR-PQS-e1727804889743.png\",\"contentUrl\":\"https:\\\/\\\/cml-latin.cl\\\/site\\\/wp-content\\\/uploads\\\/2024\\\/10\\\/EXTINTOR-PQS-e1727804889743.png\",\"width\":108,\"height\":250},{\"@type\":\"BreadcrumbList\",\"@id\":\"https:\\\/\\\/cml-latin.cl\\\/site\\\/producto\\\/1901950009\\\/#breadcrumb\",\"itemListElement\":[{\"@type\":\"ListItem\",\"position\":1,\"name\":\"Portada\",\"item\":\"https:\\\/\\\/cml-latin.cl\\\/site\\\/\"},{\"@type\":\"ListItem\",\"position\":2,\"name\":\"Tienda\",\"item\":\"https:\\\/\\\/cml-latin.cl\\\/site\\\/tienda\\\/\"},{\"@type\":\"ListItem\",\"position\":3,\"name\":\"1901950009\"}]},{\"@type\":\"WebSite\",\"@id\":\"https:\\\/\\\/cml-latin.cl\\\/site\\\/#website\",\"url\":\"https:\\\/\\\/cml-latin.cl\\\/site\\\/\",\"name\":\"CML\",\"description\":\"\",\"publisher\":{\"@id\":\"https:\\\/\\\/cml-latin.cl\\\/site\\\/#organization\"},\"potentialAction\":[{\"@type\":\"SearchAction\",\"target\":{\"@type\":\"EntryPoint\",\"urlTemplate\":\"https:\\\/\\\/cml-latin.cl\\\/site\\\/?s={search_term_string}\"},\"query-input\":{\"@type\":\"PropertyValueSpecification\",\"valueRequired\":true,\"valueName\":\"search_term_string\"}}],\"inLanguage\":\"es\"},{\"@type\":\"Organization\",\"@id\":\"https:\\\/\\\/cml-latin.cl\\\/site\\\/#organization\",\"name\":\"CML\",\"url\":\"https:\\\/\\\/cml-latin.cl\\\/site\\\/\",\"logo\":{\"@type\":\"ImageObject\",\"inLanguage\":\"es\",\"@id\":\"https:\\\/\\\/cml-latin.cl\\\/site\\\/#\\\/schema\\\/logo\\\/image\\\/\",\"url\":\"https:\\\/\\\/cml-latin.cl\\\/site\\\/wp-content\\\/uploads\\\/2019\\\/05\\\/cropped-logoOKGG.png\",\"contentUrl\":\"https:\\\/\\\/cml-latin.cl\\\/site\\\/wp-content\\\/uploads\\\/2019\\\/05\\\/cropped-logoOKGG.png\",\"width\":512,\"height\":140,\"caption\":\"CML\"},\"image\":{\"@id\":\"https:\\\/\\\/cml-latin.cl\\\/site\\\/#\\\/schema\\\/logo\\\/image\\\/\"}}]}<\/script>\n<!-- \/ Yoast SEO plugin. -->","yoast_head_json":{"title":"1901950009 - CML","robots":{"index":"index","follow":"follow","max-snippet":"max-snippet:-1","max-image-preview":"max-image-preview:large","max-video-preview":"max-video-preview:-1"},"canonical":"https:\/\/cml-latin.cl\/site\/producto\/1901950009\/","og_locale":"es_ES","og_type":"article","og_title":"1901950009 - CML","og_description":"EXTINTOR POLVO QUIMICO SECO 10 kg 75% (ABC) mod. PQS75-10 DETALLES DEL PRODUCTO Los extintores port\u00e1tiles fabricados por Start Fire, cumplen con lo exigido por el Decreto Supremo N\u00b044 del Ministerio de econom\u00eda y fomento a la construcci\u00f3n. Los extintores port\u00e1tiles ABC tienen la capacidad de extinguir fuegos producidos por combustibles s\u00f3lidos comunes, tales como, [&hellip;]","og_url":"https:\/\/cml-latin.cl\/site\/producto\/1901950009\/","og_site_name":"CML","article_modified_time":"2024-10-01T17:50:06+00:00","og_image":[{"width":108,"height":250,"url":"https:\/\/cml-latin.cl\/site\/wp-content\/uploads\/2024\/10\/EXTINTOR-PQS-e1727804889743.png","type":"image\/png"}],"twitter_card":"summary_large_image","twitter_misc":{"Tiempo de lectura":"2 minutos"},"schema":{"@context":"https:\/\/schema.org","@graph":[{"@type":"WebPage","@id":"https:\/\/cml-latin.cl\/site\/producto\/1901950009\/","url":"https:\/\/cml-latin.cl\/site\/producto\/1901950009\/","name":"1901950009 - CML","isPartOf":{"@id":"https:\/\/cml-latin.cl\/site\/#website"},"primaryImageOfPage":{"@id":"https:\/\/cml-latin.cl\/site\/producto\/1901950009\/#primaryimage"},"image":{"@id":"https:\/\/cml-latin.cl\/site\/producto\/1901950009\/#primaryimage"},"thumbnailUrl":"https:\/\/cml-latin.cl\/site\/wp-content\/uploads\/2024\/10\/EXTINTOR-PQS-e1727804889743.png","datePublished":"2024-10-01T17:48:24+00:00","dateModified":"2024-10-01T17:50:06+00:00","breadcrumb":{"@id":"https:\/\/cml-latin.cl\/site\/producto\/1901950009\/#breadcrumb"},"inLanguage":"es","potentialAction":[{"@type":"ReadAction","target":["https:\/\/cml-latin.cl\/site\/producto\/1901950009\/"]}]},{"@type":"ImageObject","inLanguage":"es","@id":"https:\/\/cml-latin.cl\/site\/producto\/1901950009\/#primaryimage","url":"https:\/\/cml-latin.cl\/site\/wp-content\/uploads\/2024\/10\/EXTINTOR-PQS-e1727804889743.png","contentUrl":"https:\/\/cml-latin.cl\/site\/wp-content\/uploads\/2024\/10\/EXTINTOR-PQS-e1727804889743.png","width":108,"height":250},{"@type":"BreadcrumbList","@id":"https:\/\/cml-latin.cl\/site\/producto\/1901950009\/#breadcrumb","itemListElement":[{"@type":"ListItem","position":1,"name":"Portada","item":"https:\/\/cml-latin.cl\/site\/"},{"@type":"ListItem","position":2,"name":"Tienda","item":"https:\/\/cml-latin.cl\/site\/tienda\/"},{"@type":"ListItem","position":3,"name":"1901950009"}]},{"@type":"WebSite","@id":"https:\/\/cml-latin.cl\/site\/#website","url":"https:\/\/cml-latin.cl\/site\/","name":"CML","description":"","publisher":{"@id":"https:\/\/cml-latin.cl\/site\/#organization"},"potentialAction":[{"@type":"SearchAction","target":{"@type":"EntryPoint","urlTemplate":"https:\/\/cml-latin.cl\/site\/?s={search_term_string}"},"query-input":{"@type":"PropertyValueSpecification","valueRequired":true,"valueName":"search_term_string"}}],"inLanguage":"es"},{"@type":"Organization","@id":"https:\/\/cml-latin.cl\/site\/#organization","name":"CML","url":"https:\/\/cml-latin.cl\/site\/","logo":{"@type":"ImageObject","inLanguage":"es","@id":"https:\/\/cml-latin.cl\/site\/#\/schema\/logo\/image\/","url":"https:\/\/cml-latin.cl\/site\/wp-content\/uploads\/2019\/05\/cropped-logoOKGG.png","contentUrl":"https:\/\/cml-latin.cl\/site\/wp-content\/uploads\/2019\/05\/cropped-logoOKGG.png","width":512,"height":140,"caption":"CML"},"image":{"@id":"https:\/\/cml-latin.cl\/site\/#\/schema\/logo\/image\/"}}]}},"_links":{"self":[{"href":"https:\/\/cml-latin.cl\/site\/wp-json\/wp\/v2\/product\/9426","targetHints":{"allow":["GET"]}}],"collection":[{"href":"https:\/\/cml-latin.cl\/site\/wp-json\/wp\/v2\/product"}],"about":[{"href":"https:\/\/cml-latin.cl\/site\/wp-json\/wp\/v2\/types\/product"}],"replies":[{"embeddable":true,"href":"https:\/\/cml-latin.cl\/site\/wp-json\/wp\/v2\/comments?post=9426"}],"wp:featuredmedia":[{"embeddable":true,"href":"https:\/\/cml-latin.cl\/site\/wp-json\/wp\/v2\/media\/9427"}],"wp:attachment":[{"href":"https:\/\/cml-latin.cl\/site\/wp-json\/wp\/v2\/media?parent=9426"}],"wp:term":[{"taxonomy":"product_brand","embeddable":true,"href":"https:\/\/cml-latin.cl\/site\/wp-json\/wp\/v2\/product_brand?post=9426"},{"taxonomy":"product_cat","embeddable":true,"href":"https:\/\/cml-latin.cl\/site\/wp-json\/wp\/v2\/product_cat?post=9426"},{"taxonomy":"product_tag","embeddable":true,"href":"https:\/\/cml-latin.cl\/site\/wp-json\/wp\/v2\/product_tag?post=9426"}],"curies":[{"name":"wp","href":"https:\/\/api.w.org\/{rel}","templated":true}]}}