{"id":5536,"date":"2023-11-29T15:10:28","date_gmt":"2023-11-29T19:10:28","guid":{"rendered":"http:\/\/cml-latin.cl\/site\/?post_type=product&#038;p=5536"},"modified":"2023-11-29T15:10:34","modified_gmt":"2023-11-29T19:10:34","slug":"0400440213","status":"publish","type":"product","link":"https:\/\/cml-latin.cl\/site\/producto\/0400440213\/","title":{"rendered":"0400440213"},"content":{"rendered":"<p>Acoplamiento Mec\u00e1nico BRUNO \u00ae Estilo 38para ca\u00f1er\u00edas de Acero Carbono, AceroInoxidable. Ofrece gran flexibilidad.<\/p>\n<p>Grado 65.45.12<br \/>\nCamisa Central:<br \/>\nTerminaci\u00f3n: Esmalte naranjo.<br \/>\nOpcional: Pintura Electroest\u00e1tica.<br \/>\nEmpaquetadura: EPDM Grado \u201cE\u201d<br \/>\nOpcional: Nitrilo Grado \u201cT\u201d.<br \/>\nPernos y tuercas: ASTM A-183 &#8211; Electrozincados.<br \/>\nOpcional: Acero Inoxidable 304 o 316.<\/p>\n<p>Las caracteristicas de dise\u00f1o permiten un alto grado de DEFLEXION, una importante EXPANSION y CONTRACCI\u00d3N, ya que absorbe los movimientos longitudinales de las ca\u00f1er\u00edas, ofrece adem\u00e1s la alternativa de rotaci\u00f3n de \u00e9stas, posibilitando una mayor durabilidad.<\/p>\n<p>&nbsp;<\/p>\n","protected":false},"excerpt":{"rendered":"<p>Acoplamiento Mec\u00e1nico BRUNO \u00ae Estilo 38para ca\u00f1er\u00edas de Acero Carbono, AceroInoxidable. Ofrece gran flexibilidad. Grado 65.45.12 Camisa Central: Terminaci\u00f3n: Esmalte naranjo. Opcional: Pintura Electroest\u00e1tica. Empaquetadura: EPDM Grado \u201cE\u201d Opcional: Nitrilo Grado \u201cT\u201d. Pernos y tuercas: ASTM A-183 &#8211; Electrozincados. Opcional: Acero Inoxidable 304 o 316. Las caracteristicas de dise\u00f1o permiten un alto grado de DEFLEXION, [&hellip;]<\/p>\n","protected":false},"featured_media":5537,"comment_status":"open","ping_status":"closed","template":"","meta":[],"product_brand":[],"product_cat":[17],"product_tag":[],"class_list":{"0":"post-5536","1":"product","2":"type-product","3":"status-publish","4":"has-post-thumbnail","6":"product_cat-sin-categorizar","8":"first","9":"instock","10":"shipping-taxable","11":"product-type-simple","12":"czr-hentry"},"yoast_head":"<!-- This site is optimized with the Yoast SEO plugin v27.5 - https:\/\/yoast.com\/product\/yoast-seo-wordpress\/ -->\n<title>0400440213 - CML<\/title>\n<meta name=\"robots\" content=\"index, follow, max-snippet:-1, max-image-preview:large, max-video-preview:-1\" \/>\n<link rel=\"canonical\" href=\"https:\/\/cml-latin.cl\/site\/producto\/0400440213\/\" \/>\n<meta property=\"og:locale\" content=\"es_ES\" \/>\n<meta property=\"og:type\" content=\"article\" \/>\n<meta property=\"og:title\" content=\"0400440213 - CML\" \/>\n<meta property=\"og:description\" content=\"Acoplamiento Mec\u00e1nico BRUNO \u00ae Estilo 38para ca\u00f1er\u00edas de Acero Carbono, AceroInoxidable. Ofrece gran flexibilidad. Grado 65.45.12 Camisa Central: Terminaci\u00f3n: Esmalte naranjo. Opcional: Pintura Electroest\u00e1tica. Empaquetadura: EPDM Grado \u201cE\u201d Opcional: Nitrilo Grado \u201cT\u201d. Pernos y tuercas: ASTM A-183 &#8211; Electrozincados. Opcional: Acero Inoxidable 304 o 316. Las caracteristicas de dise\u00f1o permiten un alto grado de DEFLEXION, [&hellip;]\" \/>\n<meta property=\"og:url\" content=\"https:\/\/cml-latin.cl\/site\/producto\/0400440213\/\" \/>\n<meta property=\"og:site_name\" content=\"CML\" \/>\n<meta property=\"article:modified_time\" content=\"2023-11-29T19:10:34+00:00\" \/>\n<meta property=\"og:image\" content=\"https:\/\/cml-latin.cl\/site\/wp-content\/uploads\/2023\/11\/acople-bruno-e1701285016424.png\" \/>\n\t<meta property=\"og:image:width\" content=\"204\" \/>\n\t<meta property=\"og:image:height\" content=\"250\" \/>\n\t<meta property=\"og:image:type\" content=\"image\/png\" \/>\n<meta name=\"twitter:card\" content=\"summary_large_image\" \/>\n<meta name=\"twitter:label1\" content=\"Tiempo de lectura\" \/>\n\t<meta name=\"twitter:data1\" content=\"1 minuto\" \/>\n<script type=\"application\/ld+json\" class=\"yoast-schema-graph\">{\"@context\":\"https:\\\/\\\/schema.org\",\"@graph\":[{\"@type\":\"WebPage\",\"@id\":\"https:\\\/\\\/cml-latin.cl\\\/site\\\/producto\\\/0400440213\\\/\",\"url\":\"https:\\\/\\\/cml-latin.cl\\\/site\\\/producto\\\/0400440213\\\/\",\"name\":\"0400440213 - CML\",\"isPartOf\":{\"@id\":\"https:\\\/\\\/cml-latin.cl\\\/site\\\/#website\"},\"primaryImageOfPage\":{\"@id\":\"https:\\\/\\\/cml-latin.cl\\\/site\\\/producto\\\/0400440213\\\/#primaryimage\"},\"image\":{\"@id\":\"https:\\\/\\\/cml-latin.cl\\\/site\\\/producto\\\/0400440213\\\/#primaryimage\"},\"thumbnailUrl\":\"https:\\\/\\\/cml-latin.cl\\\/site\\\/wp-content\\\/uploads\\\/2023\\\/11\\\/acople-bruno-e1701285016424.png\",\"datePublished\":\"2023-11-29T19:10:28+00:00\",\"dateModified\":\"2023-11-29T19:10:34+00:00\",\"breadcrumb\":{\"@id\":\"https:\\\/\\\/cml-latin.cl\\\/site\\\/producto\\\/0400440213\\\/#breadcrumb\"},\"inLanguage\":\"es\",\"potentialAction\":[{\"@type\":\"ReadAction\",\"target\":[\"https:\\\/\\\/cml-latin.cl\\\/site\\\/producto\\\/0400440213\\\/\"]}]},{\"@type\":\"ImageObject\",\"inLanguage\":\"es\",\"@id\":\"https:\\\/\\\/cml-latin.cl\\\/site\\\/producto\\\/0400440213\\\/#primaryimage\",\"url\":\"https:\\\/\\\/cml-latin.cl\\\/site\\\/wp-content\\\/uploads\\\/2023\\\/11\\\/acople-bruno-e1701285016424.png\",\"contentUrl\":\"https:\\\/\\\/cml-latin.cl\\\/site\\\/wp-content\\\/uploads\\\/2023\\\/11\\\/acople-bruno-e1701285016424.png\",\"width\":204,\"height\":250},{\"@type\":\"BreadcrumbList\",\"@id\":\"https:\\\/\\\/cml-latin.cl\\\/site\\\/producto\\\/0400440213\\\/#breadcrumb\",\"itemListElement\":[{\"@type\":\"ListItem\",\"position\":1,\"name\":\"Portada\",\"item\":\"https:\\\/\\\/cml-latin.cl\\\/site\\\/\"},{\"@type\":\"ListItem\",\"position\":2,\"name\":\"Tienda\",\"item\":\"https:\\\/\\\/cml-latin.cl\\\/site\\\/tienda\\\/\"},{\"@type\":\"ListItem\",\"position\":3,\"name\":\"0400440213\"}]},{\"@type\":\"WebSite\",\"@id\":\"https:\\\/\\\/cml-latin.cl\\\/site\\\/#website\",\"url\":\"https:\\\/\\\/cml-latin.cl\\\/site\\\/\",\"name\":\"CML\",\"description\":\"\",\"publisher\":{\"@id\":\"https:\\\/\\\/cml-latin.cl\\\/site\\\/#organization\"},\"potentialAction\":[{\"@type\":\"SearchAction\",\"target\":{\"@type\":\"EntryPoint\",\"urlTemplate\":\"https:\\\/\\\/cml-latin.cl\\\/site\\\/?s={search_term_string}\"},\"query-input\":{\"@type\":\"PropertyValueSpecification\",\"valueRequired\":true,\"valueName\":\"search_term_string\"}}],\"inLanguage\":\"es\"},{\"@type\":\"Organization\",\"@id\":\"https:\\\/\\\/cml-latin.cl\\\/site\\\/#organization\",\"name\":\"CML\",\"url\":\"https:\\\/\\\/cml-latin.cl\\\/site\\\/\",\"logo\":{\"@type\":\"ImageObject\",\"inLanguage\":\"es\",\"@id\":\"https:\\\/\\\/cml-latin.cl\\\/site\\\/#\\\/schema\\\/logo\\\/image\\\/\",\"url\":\"https:\\\/\\\/cml-latin.cl\\\/site\\\/wp-content\\\/uploads\\\/2019\\\/05\\\/cropped-logoOKGG.png\",\"contentUrl\":\"https:\\\/\\\/cml-latin.cl\\\/site\\\/wp-content\\\/uploads\\\/2019\\\/05\\\/cropped-logoOKGG.png\",\"width\":512,\"height\":140,\"caption\":\"CML\"},\"image\":{\"@id\":\"https:\\\/\\\/cml-latin.cl\\\/site\\\/#\\\/schema\\\/logo\\\/image\\\/\"}}]}<\/script>\n<!-- \/ Yoast SEO plugin. -->","yoast_head_json":{"title":"0400440213 - CML","robots":{"index":"index","follow":"follow","max-snippet":"max-snippet:-1","max-image-preview":"max-image-preview:large","max-video-preview":"max-video-preview:-1"},"canonical":"https:\/\/cml-latin.cl\/site\/producto\/0400440213\/","og_locale":"es_ES","og_type":"article","og_title":"0400440213 - CML","og_description":"Acoplamiento Mec\u00e1nico BRUNO \u00ae Estilo 38para ca\u00f1er\u00edas de Acero Carbono, AceroInoxidable. Ofrece gran flexibilidad. Grado 65.45.12 Camisa Central: Terminaci\u00f3n: Esmalte naranjo. Opcional: Pintura Electroest\u00e1tica. Empaquetadura: EPDM Grado \u201cE\u201d Opcional: Nitrilo Grado \u201cT\u201d. Pernos y tuercas: ASTM A-183 &#8211; Electrozincados. Opcional: Acero Inoxidable 304 o 316. Las caracteristicas de dise\u00f1o permiten un alto grado de DEFLEXION, [&hellip;]","og_url":"https:\/\/cml-latin.cl\/site\/producto\/0400440213\/","og_site_name":"CML","article_modified_time":"2023-11-29T19:10:34+00:00","og_image":[{"width":204,"height":250,"url":"https:\/\/cml-latin.cl\/site\/wp-content\/uploads\/2023\/11\/acople-bruno-e1701285016424.png","type":"image\/png"}],"twitter_card":"summary_large_image","twitter_misc":{"Tiempo de lectura":"1 minuto"},"schema":{"@context":"https:\/\/schema.org","@graph":[{"@type":"WebPage","@id":"https:\/\/cml-latin.cl\/site\/producto\/0400440213\/","url":"https:\/\/cml-latin.cl\/site\/producto\/0400440213\/","name":"0400440213 - CML","isPartOf":{"@id":"https:\/\/cml-latin.cl\/site\/#website"},"primaryImageOfPage":{"@id":"https:\/\/cml-latin.cl\/site\/producto\/0400440213\/#primaryimage"},"image":{"@id":"https:\/\/cml-latin.cl\/site\/producto\/0400440213\/#primaryimage"},"thumbnailUrl":"https:\/\/cml-latin.cl\/site\/wp-content\/uploads\/2023\/11\/acople-bruno-e1701285016424.png","datePublished":"2023-11-29T19:10:28+00:00","dateModified":"2023-11-29T19:10:34+00:00","breadcrumb":{"@id":"https:\/\/cml-latin.cl\/site\/producto\/0400440213\/#breadcrumb"},"inLanguage":"es","potentialAction":[{"@type":"ReadAction","target":["https:\/\/cml-latin.cl\/site\/producto\/0400440213\/"]}]},{"@type":"ImageObject","inLanguage":"es","@id":"https:\/\/cml-latin.cl\/site\/producto\/0400440213\/#primaryimage","url":"https:\/\/cml-latin.cl\/site\/wp-content\/uploads\/2023\/11\/acople-bruno-e1701285016424.png","contentUrl":"https:\/\/cml-latin.cl\/site\/wp-content\/uploads\/2023\/11\/acople-bruno-e1701285016424.png","width":204,"height":250},{"@type":"BreadcrumbList","@id":"https:\/\/cml-latin.cl\/site\/producto\/0400440213\/#breadcrumb","itemListElement":[{"@type":"ListItem","position":1,"name":"Portada","item":"https:\/\/cml-latin.cl\/site\/"},{"@type":"ListItem","position":2,"name":"Tienda","item":"https:\/\/cml-latin.cl\/site\/tienda\/"},{"@type":"ListItem","position":3,"name":"0400440213"}]},{"@type":"WebSite","@id":"https:\/\/cml-latin.cl\/site\/#website","url":"https:\/\/cml-latin.cl\/site\/","name":"CML","description":"","publisher":{"@id":"https:\/\/cml-latin.cl\/site\/#organization"},"potentialAction":[{"@type":"SearchAction","target":{"@type":"EntryPoint","urlTemplate":"https:\/\/cml-latin.cl\/site\/?s={search_term_string}"},"query-input":{"@type":"PropertyValueSpecification","valueRequired":true,"valueName":"search_term_string"}}],"inLanguage":"es"},{"@type":"Organization","@id":"https:\/\/cml-latin.cl\/site\/#organization","name":"CML","url":"https:\/\/cml-latin.cl\/site\/","logo":{"@type":"ImageObject","inLanguage":"es","@id":"https:\/\/cml-latin.cl\/site\/#\/schema\/logo\/image\/","url":"https:\/\/cml-latin.cl\/site\/wp-content\/uploads\/2019\/05\/cropped-logoOKGG.png","contentUrl":"https:\/\/cml-latin.cl\/site\/wp-content\/uploads\/2019\/05\/cropped-logoOKGG.png","width":512,"height":140,"caption":"CML"},"image":{"@id":"https:\/\/cml-latin.cl\/site\/#\/schema\/logo\/image\/"}}]}},"_links":{"self":[{"href":"https:\/\/cml-latin.cl\/site\/wp-json\/wp\/v2\/product\/5536","targetHints":{"allow":["GET"]}}],"collection":[{"href":"https:\/\/cml-latin.cl\/site\/wp-json\/wp\/v2\/product"}],"about":[{"href":"https:\/\/cml-latin.cl\/site\/wp-json\/wp\/v2\/types\/product"}],"replies":[{"embeddable":true,"href":"https:\/\/cml-latin.cl\/site\/wp-json\/wp\/v2\/comments?post=5536"}],"wp:featuredmedia":[{"embeddable":true,"href":"https:\/\/cml-latin.cl\/site\/wp-json\/wp\/v2\/media\/5537"}],"wp:attachment":[{"href":"https:\/\/cml-latin.cl\/site\/wp-json\/wp\/v2\/media?parent=5536"}],"wp:term":[{"taxonomy":"product_brand","embeddable":true,"href":"https:\/\/cml-latin.cl\/site\/wp-json\/wp\/v2\/product_brand?post=5536"},{"taxonomy":"product_cat","embeddable":true,"href":"https:\/\/cml-latin.cl\/site\/wp-json\/wp\/v2\/product_cat?post=5536"},{"taxonomy":"product_tag","embeddable":true,"href":"https:\/\/cml-latin.cl\/site\/wp-json\/wp\/v2\/product_tag?post=5536"}],"curies":[{"name":"wp","href":"https:\/\/api.w.org\/{rel}","templated":true}]}}