{"id":3602,"date":"2023-05-10T12:16:31","date_gmt":"2023-05-10T16:16:31","guid":{"rendered":"http:\/\/cml-latin.cl\/site\/?post_type=product&#038;p=3602"},"modified":"2023-05-10T12:21:35","modified_gmt":"2023-05-10T16:21:35","slug":"3903927993","status":"publish","type":"product","link":"https:\/\/cml-latin.cl\/site\/producto\/3903927993\/","title":{"rendered":"3903927993"},"content":{"rendered":"<p>Equipo Completo de Futbol (25 conjuntos)<\/p>\n<p><b>Caracter\u00edsticas<\/b><\/p>\n<p>\uf0fc Material De Equipo1: Microfibra (polera \u2013 short)<\/p>\n<ul>\n<li>Del N\u00famero 2 al 15 talla L (Manga corta)<\/li>\n<li>Del N\u00famero 16 al 24 talla XL (Manga Corta)<\/li>\n<li>Arquero N\u00famero 1 talla L (manga larga)<\/li>\n<li>Arquero N\u00famero 25 talla XL(Manga larga)<\/li>\n<\/ul>\n<p>\uf0fc 25 pares de calcetas color naranja.<\/p>\n<p>\uf0fc Medidas Logo Izquierdo: 11 * 11 CM<\/p>\n","protected":false},"excerpt":{"rendered":"<p>Equipo Completo de Futbol (25 conjuntos) Caracter\u00edsticas \uf0fc Material De Equipo1: Microfibra (polera \u2013 short) Del N\u00famero 2 al 15 talla L (Manga corta) Del N\u00famero 16 al 24 talla XL (Manga Corta) Arquero N\u00famero 1 talla L (manga larga) Arquero N\u00famero 25 talla XL(Manga larga) \uf0fc 25 pares de calcetas color naranja. \uf0fc Medidas [&hellip;]<\/p>\n","protected":false},"featured_media":3603,"comment_status":"open","ping_status":"closed","template":"","meta":[],"product_brand":[],"product_cat":[17],"product_tag":[],"class_list":{"0":"post-3602","1":"product","2":"type-product","3":"status-publish","4":"has-post-thumbnail","6":"product_cat-sin-categorizar","8":"first","9":"instock","10":"shipping-taxable","11":"product-type-simple","12":"czr-hentry"},"yoast_head":"<!-- This site is optimized with the Yoast SEO plugin v27.5 - https:\/\/yoast.com\/product\/yoast-seo-wordpress\/ -->\n<title>3903927993 - CML<\/title>\n<meta name=\"robots\" content=\"index, follow, max-snippet:-1, max-image-preview:large, max-video-preview:-1\" \/>\n<link rel=\"canonical\" href=\"https:\/\/cml-latin.cl\/site\/producto\/3903927993\/\" \/>\n<meta property=\"og:locale\" content=\"es_ES\" \/>\n<meta property=\"og:type\" content=\"article\" \/>\n<meta property=\"og:title\" content=\"3903927993 - CML\" \/>\n<meta property=\"og:description\" content=\"Equipo Completo de Futbol (25 conjuntos) Caracter\u00edsticas \uf0fc Material De Equipo1: Microfibra (polera \u2013 short) Del N\u00famero 2 al 15 talla L (Manga corta) Del N\u00famero 16 al 24 talla XL (Manga Corta) Arquero N\u00famero 1 talla L (manga larga) Arquero N\u00famero 25 talla XL(Manga larga) \uf0fc 25 pares de calcetas color naranja. \uf0fc Medidas [&hellip;]\" \/>\n<meta property=\"og:url\" content=\"https:\/\/cml-latin.cl\/site\/producto\/3903927993\/\" \/>\n<meta property=\"og:site_name\" content=\"CML\" \/>\n<meta property=\"article:modified_time\" content=\"2023-05-10T16:21:35+00:00\" \/>\n<meta property=\"og:image\" content=\"https:\/\/cml-latin.cl\/site\/wp-content\/uploads\/2023\/05\/Maqueta-Equipo-Futbol-e1683735608891.png\" \/>\n\t<meta property=\"og:image:width\" content=\"250\" \/>\n\t<meta property=\"og:image:height\" content=\"238\" \/>\n\t<meta property=\"og:image:type\" content=\"image\/png\" \/>\n<meta name=\"twitter:card\" content=\"summary_large_image\" \/>\n<meta name=\"twitter:label1\" content=\"Tiempo de lectura\" \/>\n\t<meta name=\"twitter:data1\" content=\"1 minuto\" \/>\n<script type=\"application\/ld+json\" class=\"yoast-schema-graph\">{\"@context\":\"https:\\\/\\\/schema.org\",\"@graph\":[{\"@type\":\"WebPage\",\"@id\":\"https:\\\/\\\/cml-latin.cl\\\/site\\\/producto\\\/3903927993\\\/\",\"url\":\"https:\\\/\\\/cml-latin.cl\\\/site\\\/producto\\\/3903927993\\\/\",\"name\":\"3903927993 - CML\",\"isPartOf\":{\"@id\":\"https:\\\/\\\/cml-latin.cl\\\/site\\\/#website\"},\"primaryImageOfPage\":{\"@id\":\"https:\\\/\\\/cml-latin.cl\\\/site\\\/producto\\\/3903927993\\\/#primaryimage\"},\"image\":{\"@id\":\"https:\\\/\\\/cml-latin.cl\\\/site\\\/producto\\\/3903927993\\\/#primaryimage\"},\"thumbnailUrl\":\"https:\\\/\\\/cml-latin.cl\\\/site\\\/wp-content\\\/uploads\\\/2023\\\/05\\\/Maqueta-Equipo-Futbol-e1683735608891.png\",\"datePublished\":\"2023-05-10T16:16:31+00:00\",\"dateModified\":\"2023-05-10T16:21:35+00:00\",\"breadcrumb\":{\"@id\":\"https:\\\/\\\/cml-latin.cl\\\/site\\\/producto\\\/3903927993\\\/#breadcrumb\"},\"inLanguage\":\"es\",\"potentialAction\":[{\"@type\":\"ReadAction\",\"target\":[\"https:\\\/\\\/cml-latin.cl\\\/site\\\/producto\\\/3903927993\\\/\"]}]},{\"@type\":\"ImageObject\",\"inLanguage\":\"es\",\"@id\":\"https:\\\/\\\/cml-latin.cl\\\/site\\\/producto\\\/3903927993\\\/#primaryimage\",\"url\":\"https:\\\/\\\/cml-latin.cl\\\/site\\\/wp-content\\\/uploads\\\/2023\\\/05\\\/Maqueta-Equipo-Futbol-e1683735608891.png\",\"contentUrl\":\"https:\\\/\\\/cml-latin.cl\\\/site\\\/wp-content\\\/uploads\\\/2023\\\/05\\\/Maqueta-Equipo-Futbol-e1683735608891.png\",\"width\":250,\"height\":238},{\"@type\":\"BreadcrumbList\",\"@id\":\"https:\\\/\\\/cml-latin.cl\\\/site\\\/producto\\\/3903927993\\\/#breadcrumb\",\"itemListElement\":[{\"@type\":\"ListItem\",\"position\":1,\"name\":\"Portada\",\"item\":\"https:\\\/\\\/cml-latin.cl\\\/site\\\/\"},{\"@type\":\"ListItem\",\"position\":2,\"name\":\"Tienda\",\"item\":\"https:\\\/\\\/cml-latin.cl\\\/site\\\/tienda\\\/\"},{\"@type\":\"ListItem\",\"position\":3,\"name\":\"3903927993\"}]},{\"@type\":\"WebSite\",\"@id\":\"https:\\\/\\\/cml-latin.cl\\\/site\\\/#website\",\"url\":\"https:\\\/\\\/cml-latin.cl\\\/site\\\/\",\"name\":\"CML\",\"description\":\"\",\"publisher\":{\"@id\":\"https:\\\/\\\/cml-latin.cl\\\/site\\\/#organization\"},\"potentialAction\":[{\"@type\":\"SearchAction\",\"target\":{\"@type\":\"EntryPoint\",\"urlTemplate\":\"https:\\\/\\\/cml-latin.cl\\\/site\\\/?s={search_term_string}\"},\"query-input\":{\"@type\":\"PropertyValueSpecification\",\"valueRequired\":true,\"valueName\":\"search_term_string\"}}],\"inLanguage\":\"es\"},{\"@type\":\"Organization\",\"@id\":\"https:\\\/\\\/cml-latin.cl\\\/site\\\/#organization\",\"name\":\"CML\",\"url\":\"https:\\\/\\\/cml-latin.cl\\\/site\\\/\",\"logo\":{\"@type\":\"ImageObject\",\"inLanguage\":\"es\",\"@id\":\"https:\\\/\\\/cml-latin.cl\\\/site\\\/#\\\/schema\\\/logo\\\/image\\\/\",\"url\":\"https:\\\/\\\/cml-latin.cl\\\/site\\\/wp-content\\\/uploads\\\/2019\\\/05\\\/cropped-logoOKGG.png\",\"contentUrl\":\"https:\\\/\\\/cml-latin.cl\\\/site\\\/wp-content\\\/uploads\\\/2019\\\/05\\\/cropped-logoOKGG.png\",\"width\":512,\"height\":140,\"caption\":\"CML\"},\"image\":{\"@id\":\"https:\\\/\\\/cml-latin.cl\\\/site\\\/#\\\/schema\\\/logo\\\/image\\\/\"}}]}<\/script>\n<!-- \/ Yoast SEO plugin. -->","yoast_head_json":{"title":"3903927993 - CML","robots":{"index":"index","follow":"follow","max-snippet":"max-snippet:-1","max-image-preview":"max-image-preview:large","max-video-preview":"max-video-preview:-1"},"canonical":"https:\/\/cml-latin.cl\/site\/producto\/3903927993\/","og_locale":"es_ES","og_type":"article","og_title":"3903927993 - CML","og_description":"Equipo Completo de Futbol (25 conjuntos) Caracter\u00edsticas \uf0fc Material De Equipo1: Microfibra (polera \u2013 short) Del N\u00famero 2 al 15 talla L (Manga corta) Del N\u00famero 16 al 24 talla XL (Manga Corta) Arquero N\u00famero 1 talla L (manga larga) Arquero N\u00famero 25 talla XL(Manga larga) \uf0fc 25 pares de calcetas color naranja. \uf0fc Medidas [&hellip;]","og_url":"https:\/\/cml-latin.cl\/site\/producto\/3903927993\/","og_site_name":"CML","article_modified_time":"2023-05-10T16:21:35+00:00","og_image":[{"width":250,"height":238,"url":"https:\/\/cml-latin.cl\/site\/wp-content\/uploads\/2023\/05\/Maqueta-Equipo-Futbol-e1683735608891.png","type":"image\/png"}],"twitter_card":"summary_large_image","twitter_misc":{"Tiempo de lectura":"1 minuto"},"schema":{"@context":"https:\/\/schema.org","@graph":[{"@type":"WebPage","@id":"https:\/\/cml-latin.cl\/site\/producto\/3903927993\/","url":"https:\/\/cml-latin.cl\/site\/producto\/3903927993\/","name":"3903927993 - CML","isPartOf":{"@id":"https:\/\/cml-latin.cl\/site\/#website"},"primaryImageOfPage":{"@id":"https:\/\/cml-latin.cl\/site\/producto\/3903927993\/#primaryimage"},"image":{"@id":"https:\/\/cml-latin.cl\/site\/producto\/3903927993\/#primaryimage"},"thumbnailUrl":"https:\/\/cml-latin.cl\/site\/wp-content\/uploads\/2023\/05\/Maqueta-Equipo-Futbol-e1683735608891.png","datePublished":"2023-05-10T16:16:31+00:00","dateModified":"2023-05-10T16:21:35+00:00","breadcrumb":{"@id":"https:\/\/cml-latin.cl\/site\/producto\/3903927993\/#breadcrumb"},"inLanguage":"es","potentialAction":[{"@type":"ReadAction","target":["https:\/\/cml-latin.cl\/site\/producto\/3903927993\/"]}]},{"@type":"ImageObject","inLanguage":"es","@id":"https:\/\/cml-latin.cl\/site\/producto\/3903927993\/#primaryimage","url":"https:\/\/cml-latin.cl\/site\/wp-content\/uploads\/2023\/05\/Maqueta-Equipo-Futbol-e1683735608891.png","contentUrl":"https:\/\/cml-latin.cl\/site\/wp-content\/uploads\/2023\/05\/Maqueta-Equipo-Futbol-e1683735608891.png","width":250,"height":238},{"@type":"BreadcrumbList","@id":"https:\/\/cml-latin.cl\/site\/producto\/3903927993\/#breadcrumb","itemListElement":[{"@type":"ListItem","position":1,"name":"Portada","item":"https:\/\/cml-latin.cl\/site\/"},{"@type":"ListItem","position":2,"name":"Tienda","item":"https:\/\/cml-latin.cl\/site\/tienda\/"},{"@type":"ListItem","position":3,"name":"3903927993"}]},{"@type":"WebSite","@id":"https:\/\/cml-latin.cl\/site\/#website","url":"https:\/\/cml-latin.cl\/site\/","name":"CML","description":"","publisher":{"@id":"https:\/\/cml-latin.cl\/site\/#organization"},"potentialAction":[{"@type":"SearchAction","target":{"@type":"EntryPoint","urlTemplate":"https:\/\/cml-latin.cl\/site\/?s={search_term_string}"},"query-input":{"@type":"PropertyValueSpecification","valueRequired":true,"valueName":"search_term_string"}}],"inLanguage":"es"},{"@type":"Organization","@id":"https:\/\/cml-latin.cl\/site\/#organization","name":"CML","url":"https:\/\/cml-latin.cl\/site\/","logo":{"@type":"ImageObject","inLanguage":"es","@id":"https:\/\/cml-latin.cl\/site\/#\/schema\/logo\/image\/","url":"https:\/\/cml-latin.cl\/site\/wp-content\/uploads\/2019\/05\/cropped-logoOKGG.png","contentUrl":"https:\/\/cml-latin.cl\/site\/wp-content\/uploads\/2019\/05\/cropped-logoOKGG.png","width":512,"height":140,"caption":"CML"},"image":{"@id":"https:\/\/cml-latin.cl\/site\/#\/schema\/logo\/image\/"}}]}},"_links":{"self":[{"href":"https:\/\/cml-latin.cl\/site\/wp-json\/wp\/v2\/product\/3602","targetHints":{"allow":["GET"]}}],"collection":[{"href":"https:\/\/cml-latin.cl\/site\/wp-json\/wp\/v2\/product"}],"about":[{"href":"https:\/\/cml-latin.cl\/site\/wp-json\/wp\/v2\/types\/product"}],"replies":[{"embeddable":true,"href":"https:\/\/cml-latin.cl\/site\/wp-json\/wp\/v2\/comments?post=3602"}],"wp:featuredmedia":[{"embeddable":true,"href":"https:\/\/cml-latin.cl\/site\/wp-json\/wp\/v2\/media\/3603"}],"wp:attachment":[{"href":"https:\/\/cml-latin.cl\/site\/wp-json\/wp\/v2\/media?parent=3602"}],"wp:term":[{"taxonomy":"product_brand","embeddable":true,"href":"https:\/\/cml-latin.cl\/site\/wp-json\/wp\/v2\/product_brand?post=3602"},{"taxonomy":"product_cat","embeddable":true,"href":"https:\/\/cml-latin.cl\/site\/wp-json\/wp\/v2\/product_cat?post=3602"},{"taxonomy":"product_tag","embeddable":true,"href":"https:\/\/cml-latin.cl\/site\/wp-json\/wp\/v2\/product_tag?post=3602"}],"curies":[{"name":"wp","href":"https:\/\/api.w.org\/{rel}","templated":true}]}}