{"id":256,"date":"2019-05-17T15:08:20","date_gmt":"2019-05-17T19:08:20","guid":{"rendered":"http:\/\/cml-latin.cl\/site\/?post_type=product&#038;p=256"},"modified":"2021-08-12T17:35:58","modified_gmt":"2021-08-12T21:35:58","slug":"revestimiento-epoxico","status":"publish","type":"product","link":"https:\/\/cml-latin.cl\/site\/producto\/revestimiento-epoxico\/","title":{"rendered":"Revestimiento ep\u00f3xico"},"content":{"rendered":"","protected":false},"excerpt":{"rendered":"<p>Revestimientos ep\u00f3xicos utilizado para la corrosi\u00f3n y abrasi\u00f3n.<\/p>\n","protected":false},"featured_media":257,"comment_status":"closed","ping_status":"closed","template":"","meta":[],"product_brand":[],"product_cat":[45],"product_tag":[],"class_list":{"0":"post-256","1":"product","2":"type-product","3":"status-publish","4":"has-post-thumbnail","6":"product_cat-revestimiento-industrial","8":"first","9":"instock","10":"shipping-taxable","11":"product-type-simple","12":"czr-hentry"},"yoast_head":"<!-- This site is optimized with the Yoast SEO plugin v27.4 - https:\/\/yoast.com\/product\/yoast-seo-wordpress\/ -->\n<title>Revestimiento ep\u00f3xico - CML<\/title>\n<meta name=\"robots\" content=\"index, follow, max-snippet:-1, max-image-preview:large, max-video-preview:-1\" \/>\n<link rel=\"canonical\" href=\"https:\/\/cml-latin.cl\/site\/producto\/revestimiento-epoxico\/\" \/>\n<meta property=\"og:locale\" content=\"es_ES\" \/>\n<meta property=\"og:type\" content=\"article\" \/>\n<meta property=\"og:title\" content=\"Revestimiento ep\u00f3xico - CML\" \/>\n<meta property=\"og:description\" content=\"Revestimientos ep\u00f3xicos utilizado para la corrosi\u00f3n y abrasi\u00f3n.\" \/>\n<meta property=\"og:url\" content=\"https:\/\/cml-latin.cl\/site\/producto\/revestimiento-epoxico\/\" \/>\n<meta property=\"og:site_name\" content=\"CML\" \/>\n<meta property=\"article:modified_time\" content=\"2021-08-12T21:35:58+00:00\" \/>\n<meta property=\"og:image\" content=\"https:\/\/cml-latin.cl\/site\/wp-content\/uploads\/2019\/05\/10.Recubimiento.jpg\" \/>\n\t<meta property=\"og:image:width\" content=\"984\" \/>\n\t<meta property=\"og:image:height\" content=\"620\" \/>\n\t<meta property=\"og:image:type\" content=\"image\/jpeg\" \/>\n<meta name=\"twitter:card\" content=\"summary_large_image\" \/>\n<script type=\"application\/ld+json\" class=\"yoast-schema-graph\">{\"@context\":\"https:\\\/\\\/schema.org\",\"@graph\":[{\"@type\":\"WebPage\",\"@id\":\"https:\\\/\\\/cml-latin.cl\\\/site\\\/producto\\\/revestimiento-epoxico\\\/\",\"url\":\"https:\\\/\\\/cml-latin.cl\\\/site\\\/producto\\\/revestimiento-epoxico\\\/\",\"name\":\"Revestimiento ep\u00f3xico - CML\",\"isPartOf\":{\"@id\":\"https:\\\/\\\/cml-latin.cl\\\/site\\\/#website\"},\"primaryImageOfPage\":{\"@id\":\"https:\\\/\\\/cml-latin.cl\\\/site\\\/producto\\\/revestimiento-epoxico\\\/#primaryimage\"},\"image\":{\"@id\":\"https:\\\/\\\/cml-latin.cl\\\/site\\\/producto\\\/revestimiento-epoxico\\\/#primaryimage\"},\"thumbnailUrl\":\"https:\\\/\\\/cml-latin.cl\\\/site\\\/wp-content\\\/uploads\\\/2019\\\/05\\\/10.Recubimiento.jpg\",\"datePublished\":\"2019-05-17T19:08:20+00:00\",\"dateModified\":\"2021-08-12T21:35:58+00:00\",\"breadcrumb\":{\"@id\":\"https:\\\/\\\/cml-latin.cl\\\/site\\\/producto\\\/revestimiento-epoxico\\\/#breadcrumb\"},\"inLanguage\":\"es\",\"potentialAction\":[{\"@type\":\"ReadAction\",\"target\":[\"https:\\\/\\\/cml-latin.cl\\\/site\\\/producto\\\/revestimiento-epoxico\\\/\"]}]},{\"@type\":\"ImageObject\",\"inLanguage\":\"es\",\"@id\":\"https:\\\/\\\/cml-latin.cl\\\/site\\\/producto\\\/revestimiento-epoxico\\\/#primaryimage\",\"url\":\"https:\\\/\\\/cml-latin.cl\\\/site\\\/wp-content\\\/uploads\\\/2019\\\/05\\\/10.Recubimiento.jpg\",\"contentUrl\":\"https:\\\/\\\/cml-latin.cl\\\/site\\\/wp-content\\\/uploads\\\/2019\\\/05\\\/10.Recubimiento.jpg\",\"width\":984,\"height\":620,\"caption\":\"Revestimiento ep\u00f3xico\"},{\"@type\":\"BreadcrumbList\",\"@id\":\"https:\\\/\\\/cml-latin.cl\\\/site\\\/producto\\\/revestimiento-epoxico\\\/#breadcrumb\",\"itemListElement\":[{\"@type\":\"ListItem\",\"position\":1,\"name\":\"Portada\",\"item\":\"https:\\\/\\\/cml-latin.cl\\\/site\\\/\"},{\"@type\":\"ListItem\",\"position\":2,\"name\":\"Tienda\",\"item\":\"https:\\\/\\\/cml-latin.cl\\\/site\\\/tienda\\\/\"},{\"@type\":\"ListItem\",\"position\":3,\"name\":\"Revestimiento ep\u00f3xico\"}]},{\"@type\":\"WebSite\",\"@id\":\"https:\\\/\\\/cml-latin.cl\\\/site\\\/#website\",\"url\":\"https:\\\/\\\/cml-latin.cl\\\/site\\\/\",\"name\":\"CML\",\"description\":\"\",\"publisher\":{\"@id\":\"https:\\\/\\\/cml-latin.cl\\\/site\\\/#organization\"},\"potentialAction\":[{\"@type\":\"SearchAction\",\"target\":{\"@type\":\"EntryPoint\",\"urlTemplate\":\"https:\\\/\\\/cml-latin.cl\\\/site\\\/?s={search_term_string}\"},\"query-input\":{\"@type\":\"PropertyValueSpecification\",\"valueRequired\":true,\"valueName\":\"search_term_string\"}}],\"inLanguage\":\"es\"},{\"@type\":\"Organization\",\"@id\":\"https:\\\/\\\/cml-latin.cl\\\/site\\\/#organization\",\"name\":\"CML\",\"url\":\"https:\\\/\\\/cml-latin.cl\\\/site\\\/\",\"logo\":{\"@type\":\"ImageObject\",\"inLanguage\":\"es\",\"@id\":\"https:\\\/\\\/cml-latin.cl\\\/site\\\/#\\\/schema\\\/logo\\\/image\\\/\",\"url\":\"https:\\\/\\\/cml-latin.cl\\\/site\\\/wp-content\\\/uploads\\\/2019\\\/05\\\/cropped-logoOKGG.png\",\"contentUrl\":\"https:\\\/\\\/cml-latin.cl\\\/site\\\/wp-content\\\/uploads\\\/2019\\\/05\\\/cropped-logoOKGG.png\",\"width\":512,\"height\":140,\"caption\":\"CML\"},\"image\":{\"@id\":\"https:\\\/\\\/cml-latin.cl\\\/site\\\/#\\\/schema\\\/logo\\\/image\\\/\"}}]}<\/script>\n<!-- \/ Yoast SEO plugin. -->","yoast_head_json":{"title":"Revestimiento ep\u00f3xico - CML","robots":{"index":"index","follow":"follow","max-snippet":"max-snippet:-1","max-image-preview":"max-image-preview:large","max-video-preview":"max-video-preview:-1"},"canonical":"https:\/\/cml-latin.cl\/site\/producto\/revestimiento-epoxico\/","og_locale":"es_ES","og_type":"article","og_title":"Revestimiento ep\u00f3xico - CML","og_description":"Revestimientos ep\u00f3xicos utilizado para la corrosi\u00f3n y abrasi\u00f3n.","og_url":"https:\/\/cml-latin.cl\/site\/producto\/revestimiento-epoxico\/","og_site_name":"CML","article_modified_time":"2021-08-12T21:35:58+00:00","og_image":[{"width":984,"height":620,"url":"https:\/\/cml-latin.cl\/site\/wp-content\/uploads\/2019\/05\/10.Recubimiento.jpg","type":"image\/jpeg"}],"twitter_card":"summary_large_image","schema":{"@context":"https:\/\/schema.org","@graph":[{"@type":"WebPage","@id":"https:\/\/cml-latin.cl\/site\/producto\/revestimiento-epoxico\/","url":"https:\/\/cml-latin.cl\/site\/producto\/revestimiento-epoxico\/","name":"Revestimiento ep\u00f3xico - CML","isPartOf":{"@id":"https:\/\/cml-latin.cl\/site\/#website"},"primaryImageOfPage":{"@id":"https:\/\/cml-latin.cl\/site\/producto\/revestimiento-epoxico\/#primaryimage"},"image":{"@id":"https:\/\/cml-latin.cl\/site\/producto\/revestimiento-epoxico\/#primaryimage"},"thumbnailUrl":"https:\/\/cml-latin.cl\/site\/wp-content\/uploads\/2019\/05\/10.Recubimiento.jpg","datePublished":"2019-05-17T19:08:20+00:00","dateModified":"2021-08-12T21:35:58+00:00","breadcrumb":{"@id":"https:\/\/cml-latin.cl\/site\/producto\/revestimiento-epoxico\/#breadcrumb"},"inLanguage":"es","potentialAction":[{"@type":"ReadAction","target":["https:\/\/cml-latin.cl\/site\/producto\/revestimiento-epoxico\/"]}]},{"@type":"ImageObject","inLanguage":"es","@id":"https:\/\/cml-latin.cl\/site\/producto\/revestimiento-epoxico\/#primaryimage","url":"https:\/\/cml-latin.cl\/site\/wp-content\/uploads\/2019\/05\/10.Recubimiento.jpg","contentUrl":"https:\/\/cml-latin.cl\/site\/wp-content\/uploads\/2019\/05\/10.Recubimiento.jpg","width":984,"height":620,"caption":"Revestimiento ep\u00f3xico"},{"@type":"BreadcrumbList","@id":"https:\/\/cml-latin.cl\/site\/producto\/revestimiento-epoxico\/#breadcrumb","itemListElement":[{"@type":"ListItem","position":1,"name":"Portada","item":"https:\/\/cml-latin.cl\/site\/"},{"@type":"ListItem","position":2,"name":"Tienda","item":"https:\/\/cml-latin.cl\/site\/tienda\/"},{"@type":"ListItem","position":3,"name":"Revestimiento ep\u00f3xico"}]},{"@type":"WebSite","@id":"https:\/\/cml-latin.cl\/site\/#website","url":"https:\/\/cml-latin.cl\/site\/","name":"CML","description":"","publisher":{"@id":"https:\/\/cml-latin.cl\/site\/#organization"},"potentialAction":[{"@type":"SearchAction","target":{"@type":"EntryPoint","urlTemplate":"https:\/\/cml-latin.cl\/site\/?s={search_term_string}"},"query-input":{"@type":"PropertyValueSpecification","valueRequired":true,"valueName":"search_term_string"}}],"inLanguage":"es"},{"@type":"Organization","@id":"https:\/\/cml-latin.cl\/site\/#organization","name":"CML","url":"https:\/\/cml-latin.cl\/site\/","logo":{"@type":"ImageObject","inLanguage":"es","@id":"https:\/\/cml-latin.cl\/site\/#\/schema\/logo\/image\/","url":"https:\/\/cml-latin.cl\/site\/wp-content\/uploads\/2019\/05\/cropped-logoOKGG.png","contentUrl":"https:\/\/cml-latin.cl\/site\/wp-content\/uploads\/2019\/05\/cropped-logoOKGG.png","width":512,"height":140,"caption":"CML"},"image":{"@id":"https:\/\/cml-latin.cl\/site\/#\/schema\/logo\/image\/"}}]}},"_links":{"self":[{"href":"https:\/\/cml-latin.cl\/site\/wp-json\/wp\/v2\/product\/256","targetHints":{"allow":["GET"]}}],"collection":[{"href":"https:\/\/cml-latin.cl\/site\/wp-json\/wp\/v2\/product"}],"about":[{"href":"https:\/\/cml-latin.cl\/site\/wp-json\/wp\/v2\/types\/product"}],"replies":[{"embeddable":true,"href":"https:\/\/cml-latin.cl\/site\/wp-json\/wp\/v2\/comments?post=256"}],"wp:featuredmedia":[{"embeddable":true,"href":"https:\/\/cml-latin.cl\/site\/wp-json\/wp\/v2\/media\/257"}],"wp:attachment":[{"href":"https:\/\/cml-latin.cl\/site\/wp-json\/wp\/v2\/media?parent=256"}],"wp:term":[{"taxonomy":"product_brand","embeddable":true,"href":"https:\/\/cml-latin.cl\/site\/wp-json\/wp\/v2\/product_brand?post=256"},{"taxonomy":"product_cat","embeddable":true,"href":"https:\/\/cml-latin.cl\/site\/wp-json\/wp\/v2\/product_cat?post=256"},{"taxonomy":"product_tag","embeddable":true,"href":"https:\/\/cml-latin.cl\/site\/wp-json\/wp\/v2\/product_tag?post=256"}],"curies":[{"name":"wp","href":"https:\/\/api.w.org\/{rel}","templated":true}]}}