{"id":2159,"date":"2022-08-11T08:43:53","date_gmt":"2022-08-11T12:43:53","guid":{"rendered":"http:\/\/cml-latin.cl\/site\/?post_type=product&#038;p=2159"},"modified":"2023-05-03T15:04:15","modified_gmt":"2023-05-03T19:04:15","slug":"soporte-tv-techo-10-80-articulado-360","status":"publish","type":"product","link":"https:\/\/cml-latin.cl\/site\/producto\/soporte-tv-techo-10-80-articulado-360\/","title":{"rendered":"Soporte TV Techo 10&#8243; &#8211; 80&#8243; Articulado 360\u00b0"},"content":{"rendered":"<p>Soporte de Techo Brasforma para TVs LCD, LED, Plasma, 3D y Smart TV de 10 a 80 pulgadas (con<br \/>\nVESA m\u00e1ximo de 600x400mm). Permite inclinaci\u00f3n, rotaci\u00f3n y ajuste de altura (5 movimientos).<br \/>\nPermite ajustar el televisor para ver desde varios \u00e1ngulos. Ideal para salas, oficinas, habitaciones,<br \/>\nhospitales, restaurantes, entre otros lugares.<\/p>\n<p>&nbsp;<\/p>\n<p>Marca: Brasforma<\/p>\n<p>Modelo: SBRP1650<\/p>\n<p>Ancho: 50 cm<\/p>\n<p>Alto: 152 cm<\/p>\n<p>Largo: 25 cm<\/p>\n<p>Material: Acero<\/p>\n<p>Color: Negro<\/p>\n<p>Peso m\u00e1ximo soportado:<\/p>\n<p>Giro: 360 \u00b0<\/p>\n<p>Sistema de fijaci\u00f3n: Tornillos<\/p>\n","protected":false},"excerpt":{"rendered":"<p>Soporte de Techo Brasforma para TVs LCD, LED, Plasma, 3D y Smart TV de 10 a 80 pulgadas (con VESA m\u00e1ximo de 600x400mm). Permite inclinaci\u00f3n, rotaci\u00f3n y ajuste de altura (5 movimientos). Permite ajustar el televisor para ver desde varios \u00e1ngulos. Ideal para salas, oficinas, habitaciones, hospitales, restaurantes, entre otros lugares. &nbsp; Marca: Brasforma Modelo: [&hellip;]<\/p>\n","protected":false},"featured_media":2160,"comment_status":"open","ping_status":"closed","template":"","meta":[],"product_brand":[],"product_cat":[17],"product_tag":[],"class_list":{"0":"post-2159","1":"product","2":"type-product","3":"status-publish","4":"has-post-thumbnail","6":"product_cat-sin-categorizar","8":"first","9":"instock","10":"shipping-taxable","11":"product-type-simple","12":"czr-hentry"},"yoast_head":"<!-- This site is optimized with the Yoast SEO plugin v27.5 - https:\/\/yoast.com\/product\/yoast-seo-wordpress\/ -->\n<title>Soporte TV Techo 10&quot; - 80&quot; Articulado 360\u00b0 - CML<\/title>\n<meta name=\"robots\" content=\"index, follow, max-snippet:-1, max-image-preview:large, max-video-preview:-1\" \/>\n<link rel=\"canonical\" href=\"https:\/\/cml-latin.cl\/site\/producto\/soporte-tv-techo-10-80-articulado-360\/\" \/>\n<meta property=\"og:locale\" content=\"es_ES\" \/>\n<meta property=\"og:type\" content=\"article\" \/>\n<meta property=\"og:title\" content=\"Soporte TV Techo 10&quot; - 80&quot; Articulado 360\u00b0 - CML\" \/>\n<meta property=\"og:description\" content=\"Soporte de Techo Brasforma para TVs LCD, LED, Plasma, 3D y Smart TV de 10 a 80 pulgadas (con VESA m\u00e1ximo de 600x400mm). Permite inclinaci\u00f3n, rotaci\u00f3n y ajuste de altura (5 movimientos). Permite ajustar el televisor para ver desde varios \u00e1ngulos. Ideal para salas, oficinas, habitaciones, hospitales, restaurantes, entre otros lugares. &nbsp; Marca: Brasforma Modelo: [&hellip;]\" \/>\n<meta property=\"og:url\" content=\"https:\/\/cml-latin.cl\/site\/producto\/soporte-tv-techo-10-80-articulado-360\/\" \/>\n<meta property=\"og:site_name\" content=\"CML\" \/>\n<meta property=\"article:modified_time\" content=\"2023-05-03T19:04:15+00:00\" \/>\n<meta property=\"og:image\" content=\"https:\/\/cml-latin.cl\/site\/wp-content\/uploads\/2022\/08\/soporte-techo-e1660221826278.png\" \/>\n\t<meta property=\"og:image:width\" content=\"104\" \/>\n\t<meta property=\"og:image:height\" content=\"250\" \/>\n\t<meta property=\"og:image:type\" content=\"image\/png\" \/>\n<meta name=\"twitter:card\" content=\"summary_large_image\" \/>\n<meta name=\"twitter:label1\" content=\"Tiempo de lectura\" \/>\n\t<meta name=\"twitter:data1\" content=\"1 minuto\" \/>\n<script type=\"application\/ld+json\" class=\"yoast-schema-graph\">{\"@context\":\"https:\\\/\\\/schema.org\",\"@graph\":[{\"@type\":\"WebPage\",\"@id\":\"https:\\\/\\\/cml-latin.cl\\\/site\\\/producto\\\/soporte-tv-techo-10-80-articulado-360\\\/\",\"url\":\"https:\\\/\\\/cml-latin.cl\\\/site\\\/producto\\\/soporte-tv-techo-10-80-articulado-360\\\/\",\"name\":\"Soporte TV Techo 10\\\" - 80\\\" Articulado 360\u00b0 - CML\",\"isPartOf\":{\"@id\":\"https:\\\/\\\/cml-latin.cl\\\/site\\\/#website\"},\"primaryImageOfPage\":{\"@id\":\"https:\\\/\\\/cml-latin.cl\\\/site\\\/producto\\\/soporte-tv-techo-10-80-articulado-360\\\/#primaryimage\"},\"image\":{\"@id\":\"https:\\\/\\\/cml-latin.cl\\\/site\\\/producto\\\/soporte-tv-techo-10-80-articulado-360\\\/#primaryimage\"},\"thumbnailUrl\":\"https:\\\/\\\/cml-latin.cl\\\/site\\\/wp-content\\\/uploads\\\/2022\\\/08\\\/soporte-techo-e1660221826278.png\",\"datePublished\":\"2022-08-11T12:43:53+00:00\",\"dateModified\":\"2023-05-03T19:04:15+00:00\",\"breadcrumb\":{\"@id\":\"https:\\\/\\\/cml-latin.cl\\\/site\\\/producto\\\/soporte-tv-techo-10-80-articulado-360\\\/#breadcrumb\"},\"inLanguage\":\"es\",\"potentialAction\":[{\"@type\":\"ReadAction\",\"target\":[\"https:\\\/\\\/cml-latin.cl\\\/site\\\/producto\\\/soporte-tv-techo-10-80-articulado-360\\\/\"]}]},{\"@type\":\"ImageObject\",\"inLanguage\":\"es\",\"@id\":\"https:\\\/\\\/cml-latin.cl\\\/site\\\/producto\\\/soporte-tv-techo-10-80-articulado-360\\\/#primaryimage\",\"url\":\"https:\\\/\\\/cml-latin.cl\\\/site\\\/wp-content\\\/uploads\\\/2022\\\/08\\\/soporte-techo-e1660221826278.png\",\"contentUrl\":\"https:\\\/\\\/cml-latin.cl\\\/site\\\/wp-content\\\/uploads\\\/2022\\\/08\\\/soporte-techo-e1660221826278.png\",\"width\":104,\"height\":250,\"caption\":\"soporte techo\"},{\"@type\":\"BreadcrumbList\",\"@id\":\"https:\\\/\\\/cml-latin.cl\\\/site\\\/producto\\\/soporte-tv-techo-10-80-articulado-360\\\/#breadcrumb\",\"itemListElement\":[{\"@type\":\"ListItem\",\"position\":1,\"name\":\"Portada\",\"item\":\"https:\\\/\\\/cml-latin.cl\\\/site\\\/\"},{\"@type\":\"ListItem\",\"position\":2,\"name\":\"Tienda\",\"item\":\"https:\\\/\\\/cml-latin.cl\\\/site\\\/tienda\\\/\"},{\"@type\":\"ListItem\",\"position\":3,\"name\":\"Soporte TV Techo 10&#8243; &#8211; 80&#8243; Articulado 360\u00b0\"}]},{\"@type\":\"WebSite\",\"@id\":\"https:\\\/\\\/cml-latin.cl\\\/site\\\/#website\",\"url\":\"https:\\\/\\\/cml-latin.cl\\\/site\\\/\",\"name\":\"CML\",\"description\":\"\",\"publisher\":{\"@id\":\"https:\\\/\\\/cml-latin.cl\\\/site\\\/#organization\"},\"potentialAction\":[{\"@type\":\"SearchAction\",\"target\":{\"@type\":\"EntryPoint\",\"urlTemplate\":\"https:\\\/\\\/cml-latin.cl\\\/site\\\/?s={search_term_string}\"},\"query-input\":{\"@type\":\"PropertyValueSpecification\",\"valueRequired\":true,\"valueName\":\"search_term_string\"}}],\"inLanguage\":\"es\"},{\"@type\":\"Organization\",\"@id\":\"https:\\\/\\\/cml-latin.cl\\\/site\\\/#organization\",\"name\":\"CML\",\"url\":\"https:\\\/\\\/cml-latin.cl\\\/site\\\/\",\"logo\":{\"@type\":\"ImageObject\",\"inLanguage\":\"es\",\"@id\":\"https:\\\/\\\/cml-latin.cl\\\/site\\\/#\\\/schema\\\/logo\\\/image\\\/\",\"url\":\"https:\\\/\\\/cml-latin.cl\\\/site\\\/wp-content\\\/uploads\\\/2019\\\/05\\\/cropped-logoOKGG.png\",\"contentUrl\":\"https:\\\/\\\/cml-latin.cl\\\/site\\\/wp-content\\\/uploads\\\/2019\\\/05\\\/cropped-logoOKGG.png\",\"width\":512,\"height\":140,\"caption\":\"CML\"},\"image\":{\"@id\":\"https:\\\/\\\/cml-latin.cl\\\/site\\\/#\\\/schema\\\/logo\\\/image\\\/\"}}]}<\/script>\n<!-- \/ Yoast SEO plugin. -->","yoast_head_json":{"title":"Soporte TV Techo 10\" - 80\" Articulado 360\u00b0 - CML","robots":{"index":"index","follow":"follow","max-snippet":"max-snippet:-1","max-image-preview":"max-image-preview:large","max-video-preview":"max-video-preview:-1"},"canonical":"https:\/\/cml-latin.cl\/site\/producto\/soporte-tv-techo-10-80-articulado-360\/","og_locale":"es_ES","og_type":"article","og_title":"Soporte TV Techo 10\" - 80\" Articulado 360\u00b0 - CML","og_description":"Soporte de Techo Brasforma para TVs LCD, LED, Plasma, 3D y Smart TV de 10 a 80 pulgadas (con VESA m\u00e1ximo de 600x400mm). Permite inclinaci\u00f3n, rotaci\u00f3n y ajuste de altura (5 movimientos). Permite ajustar el televisor para ver desde varios \u00e1ngulos. Ideal para salas, oficinas, habitaciones, hospitales, restaurantes, entre otros lugares. &nbsp; Marca: Brasforma Modelo: [&hellip;]","og_url":"https:\/\/cml-latin.cl\/site\/producto\/soporte-tv-techo-10-80-articulado-360\/","og_site_name":"CML","article_modified_time":"2023-05-03T19:04:15+00:00","og_image":[{"width":104,"height":250,"url":"https:\/\/cml-latin.cl\/site\/wp-content\/uploads\/2022\/08\/soporte-techo-e1660221826278.png","type":"image\/png"}],"twitter_card":"summary_large_image","twitter_misc":{"Tiempo de lectura":"1 minuto"},"schema":{"@context":"https:\/\/schema.org","@graph":[{"@type":"WebPage","@id":"https:\/\/cml-latin.cl\/site\/producto\/soporte-tv-techo-10-80-articulado-360\/","url":"https:\/\/cml-latin.cl\/site\/producto\/soporte-tv-techo-10-80-articulado-360\/","name":"Soporte TV Techo 10\" - 80\" Articulado 360\u00b0 - CML","isPartOf":{"@id":"https:\/\/cml-latin.cl\/site\/#website"},"primaryImageOfPage":{"@id":"https:\/\/cml-latin.cl\/site\/producto\/soporte-tv-techo-10-80-articulado-360\/#primaryimage"},"image":{"@id":"https:\/\/cml-latin.cl\/site\/producto\/soporte-tv-techo-10-80-articulado-360\/#primaryimage"},"thumbnailUrl":"https:\/\/cml-latin.cl\/site\/wp-content\/uploads\/2022\/08\/soporte-techo-e1660221826278.png","datePublished":"2022-08-11T12:43:53+00:00","dateModified":"2023-05-03T19:04:15+00:00","breadcrumb":{"@id":"https:\/\/cml-latin.cl\/site\/producto\/soporte-tv-techo-10-80-articulado-360\/#breadcrumb"},"inLanguage":"es","potentialAction":[{"@type":"ReadAction","target":["https:\/\/cml-latin.cl\/site\/producto\/soporte-tv-techo-10-80-articulado-360\/"]}]},{"@type":"ImageObject","inLanguage":"es","@id":"https:\/\/cml-latin.cl\/site\/producto\/soporte-tv-techo-10-80-articulado-360\/#primaryimage","url":"https:\/\/cml-latin.cl\/site\/wp-content\/uploads\/2022\/08\/soporte-techo-e1660221826278.png","contentUrl":"https:\/\/cml-latin.cl\/site\/wp-content\/uploads\/2022\/08\/soporte-techo-e1660221826278.png","width":104,"height":250,"caption":"soporte techo"},{"@type":"BreadcrumbList","@id":"https:\/\/cml-latin.cl\/site\/producto\/soporte-tv-techo-10-80-articulado-360\/#breadcrumb","itemListElement":[{"@type":"ListItem","position":1,"name":"Portada","item":"https:\/\/cml-latin.cl\/site\/"},{"@type":"ListItem","position":2,"name":"Tienda","item":"https:\/\/cml-latin.cl\/site\/tienda\/"},{"@type":"ListItem","position":3,"name":"Soporte TV Techo 10&#8243; &#8211; 80&#8243; Articulado 360\u00b0"}]},{"@type":"WebSite","@id":"https:\/\/cml-latin.cl\/site\/#website","url":"https:\/\/cml-latin.cl\/site\/","name":"CML","description":"","publisher":{"@id":"https:\/\/cml-latin.cl\/site\/#organization"},"potentialAction":[{"@type":"SearchAction","target":{"@type":"EntryPoint","urlTemplate":"https:\/\/cml-latin.cl\/site\/?s={search_term_string}"},"query-input":{"@type":"PropertyValueSpecification","valueRequired":true,"valueName":"search_term_string"}}],"inLanguage":"es"},{"@type":"Organization","@id":"https:\/\/cml-latin.cl\/site\/#organization","name":"CML","url":"https:\/\/cml-latin.cl\/site\/","logo":{"@type":"ImageObject","inLanguage":"es","@id":"https:\/\/cml-latin.cl\/site\/#\/schema\/logo\/image\/","url":"https:\/\/cml-latin.cl\/site\/wp-content\/uploads\/2019\/05\/cropped-logoOKGG.png","contentUrl":"https:\/\/cml-latin.cl\/site\/wp-content\/uploads\/2019\/05\/cropped-logoOKGG.png","width":512,"height":140,"caption":"CML"},"image":{"@id":"https:\/\/cml-latin.cl\/site\/#\/schema\/logo\/image\/"}}]}},"_links":{"self":[{"href":"https:\/\/cml-latin.cl\/site\/wp-json\/wp\/v2\/product\/2159","targetHints":{"allow":["GET"]}}],"collection":[{"href":"https:\/\/cml-latin.cl\/site\/wp-json\/wp\/v2\/product"}],"about":[{"href":"https:\/\/cml-latin.cl\/site\/wp-json\/wp\/v2\/types\/product"}],"replies":[{"embeddable":true,"href":"https:\/\/cml-latin.cl\/site\/wp-json\/wp\/v2\/comments?post=2159"}],"wp:featuredmedia":[{"embeddable":true,"href":"https:\/\/cml-latin.cl\/site\/wp-json\/wp\/v2\/media\/2160"}],"wp:attachment":[{"href":"https:\/\/cml-latin.cl\/site\/wp-json\/wp\/v2\/media?parent=2159"}],"wp:term":[{"taxonomy":"product_brand","embeddable":true,"href":"https:\/\/cml-latin.cl\/site\/wp-json\/wp\/v2\/product_brand?post=2159"},{"taxonomy":"product_cat","embeddable":true,"href":"https:\/\/cml-latin.cl\/site\/wp-json\/wp\/v2\/product_cat?post=2159"},{"taxonomy":"product_tag","embeddable":true,"href":"https:\/\/cml-latin.cl\/site\/wp-json\/wp\/v2\/product_tag?post=2159"}],"curies":[{"name":"wp","href":"https:\/\/api.w.org\/{rel}","templated":true}]}}