{"id":2151,"date":"2022-08-09T17:55:41","date_gmt":"2022-08-09T21:55:41","guid":{"rendered":"http:\/\/cml-latin.cl\/site\/?post_type=product&#038;p=2151"},"modified":"2023-05-03T15:04:31","modified_gmt":"2023-05-03T19:04:31","slug":"meson-de-trabajo-15x1mts-esp-3mm-90cm-altura-ruedas","status":"publish","type":"product","link":"https:\/\/cml-latin.cl\/site\/producto\/meson-de-trabajo-15x1mts-esp-3mm-90cm-altura-ruedas\/","title":{"rendered":"Mes\u00f3n De Trabajo (1,5x1mts esp. 3mm 90CM Altura \/ Ruedas)"},"content":{"rendered":"<p><strong>Especificaciones:<\/strong><\/p>\n<ol>\n<li>Medidas 1,5 Metros de largo 1 Metro de ancho 90 Cent\u00edmetros de alto (incluye ruedas)<\/li>\n<li>Placha superior de metal 3 Mil\u00edmetro de espesor<\/li>\n<li>Dos ruedas con freno y dos ruedas sin freno, unida a cuatro extremidades<\/li>\n<li>Anticorrosivo 1 mil\u00edmetro y esmalte para fierro color azul rey<\/li>\n<li>Soldadura en estructura rectangular cuadrados de 50x50x2MM<\/li>\n<\/ol>\n<p>cuatro extremidades de fierro de 85 Cms de alto dos cuadrados de 1,5Metros de largo por debajo del mes\u00f3n<\/p>\n","protected":false},"excerpt":{"rendered":"<p>Especificaciones: Medidas 1,5 Metros de largo 1 Metro de ancho 90 Cent\u00edmetros de alto (incluye ruedas) Placha superior de metal 3 Mil\u00edmetro de espesor Dos ruedas con freno y dos ruedas sin freno, unida a cuatro extremidades Anticorrosivo 1 mil\u00edmetro y esmalte para fierro color azul rey Soldadura en estructura rectangular cuadrados de 50x50x2MM cuatro [&hellip;]<\/p>\n","protected":false},"featured_media":2152,"comment_status":"open","ping_status":"closed","template":"","meta":[],"product_brand":[],"product_cat":[17],"product_tag":[],"class_list":{"0":"post-2151","1":"product","2":"type-product","3":"status-publish","4":"has-post-thumbnail","6":"product_cat-sin-categorizar","8":"first","9":"instock","10":"shipping-taxable","11":"product-type-simple","12":"czr-hentry"},"yoast_head":"<!-- This site is optimized with the Yoast SEO plugin v27.5 - https:\/\/yoast.com\/product\/yoast-seo-wordpress\/ -->\n<title>Mes\u00f3n De Trabajo (1,5x1mts esp. 3mm 90CM Altura \/ Ruedas) - CML<\/title>\n<meta name=\"robots\" content=\"index, follow, max-snippet:-1, max-image-preview:large, max-video-preview:-1\" \/>\n<link rel=\"canonical\" href=\"https:\/\/cml-latin.cl\/site\/producto\/meson-de-trabajo-15x1mts-esp-3mm-90cm-altura-ruedas\/\" \/>\n<meta property=\"og:locale\" content=\"es_ES\" \/>\n<meta property=\"og:type\" content=\"article\" \/>\n<meta property=\"og:title\" content=\"Mes\u00f3n De Trabajo (1,5x1mts esp. 3mm 90CM Altura \/ Ruedas) - CML\" \/>\n<meta property=\"og:description\" content=\"Especificaciones: Medidas 1,5 Metros de largo 1 Metro de ancho 90 Cent\u00edmetros de alto (incluye ruedas) Placha superior de metal 3 Mil\u00edmetro de espesor Dos ruedas con freno y dos ruedas sin freno, unida a cuatro extremidades Anticorrosivo 1 mil\u00edmetro y esmalte para fierro color azul rey Soldadura en estructura rectangular cuadrados de 50x50x2MM cuatro [&hellip;]\" \/>\n<meta property=\"og:url\" content=\"https:\/\/cml-latin.cl\/site\/producto\/meson-de-trabajo-15x1mts-esp-3mm-90cm-altura-ruedas\/\" \/>\n<meta property=\"og:site_name\" content=\"CML\" \/>\n<meta property=\"article:modified_time\" content=\"2023-05-03T19:04:31+00:00\" \/>\n<meta property=\"og:image\" content=\"https:\/\/cml-latin.cl\/site\/wp-content\/uploads\/2022\/08\/meson-1.5x1mt-e1660082087884.jpg\" \/>\n\t<meta property=\"og:image:width\" content=\"250\" \/>\n\t<meta property=\"og:image:height\" content=\"151\" \/>\n\t<meta property=\"og:image:type\" content=\"image\/jpeg\" \/>\n<meta name=\"twitter:card\" content=\"summary_large_image\" \/>\n<meta name=\"twitter:label1\" content=\"Tiempo de lectura\" \/>\n\t<meta name=\"twitter:data1\" content=\"1 minuto\" \/>\n<script type=\"application\/ld+json\" class=\"yoast-schema-graph\">{\"@context\":\"https:\\\/\\\/schema.org\",\"@graph\":[{\"@type\":\"WebPage\",\"@id\":\"https:\\\/\\\/cml-latin.cl\\\/site\\\/producto\\\/meson-de-trabajo-15x1mts-esp-3mm-90cm-altura-ruedas\\\/\",\"url\":\"https:\\\/\\\/cml-latin.cl\\\/site\\\/producto\\\/meson-de-trabajo-15x1mts-esp-3mm-90cm-altura-ruedas\\\/\",\"name\":\"Mes\u00f3n De Trabajo (1,5x1mts esp. 3mm 90CM Altura \\\/ Ruedas) - CML\",\"isPartOf\":{\"@id\":\"https:\\\/\\\/cml-latin.cl\\\/site\\\/#website\"},\"primaryImageOfPage\":{\"@id\":\"https:\\\/\\\/cml-latin.cl\\\/site\\\/producto\\\/meson-de-trabajo-15x1mts-esp-3mm-90cm-altura-ruedas\\\/#primaryimage\"},\"image\":{\"@id\":\"https:\\\/\\\/cml-latin.cl\\\/site\\\/producto\\\/meson-de-trabajo-15x1mts-esp-3mm-90cm-altura-ruedas\\\/#primaryimage\"},\"thumbnailUrl\":\"https:\\\/\\\/cml-latin.cl\\\/site\\\/wp-content\\\/uploads\\\/2022\\\/08\\\/meson-1.5x1mt-e1660082087884.jpg\",\"datePublished\":\"2022-08-09T21:55:41+00:00\",\"dateModified\":\"2023-05-03T19:04:31+00:00\",\"breadcrumb\":{\"@id\":\"https:\\\/\\\/cml-latin.cl\\\/site\\\/producto\\\/meson-de-trabajo-15x1mts-esp-3mm-90cm-altura-ruedas\\\/#breadcrumb\"},\"inLanguage\":\"es\",\"potentialAction\":[{\"@type\":\"ReadAction\",\"target\":[\"https:\\\/\\\/cml-latin.cl\\\/site\\\/producto\\\/meson-de-trabajo-15x1mts-esp-3mm-90cm-altura-ruedas\\\/\"]}]},{\"@type\":\"ImageObject\",\"inLanguage\":\"es\",\"@id\":\"https:\\\/\\\/cml-latin.cl\\\/site\\\/producto\\\/meson-de-trabajo-15x1mts-esp-3mm-90cm-altura-ruedas\\\/#primaryimage\",\"url\":\"https:\\\/\\\/cml-latin.cl\\\/site\\\/wp-content\\\/uploads\\\/2022\\\/08\\\/meson-1.5x1mt-e1660082087884.jpg\",\"contentUrl\":\"https:\\\/\\\/cml-latin.cl\\\/site\\\/wp-content\\\/uploads\\\/2022\\\/08\\\/meson-1.5x1mt-e1660082087884.jpg\",\"width\":250,\"height\":151,\"caption\":\"meson 1.5x1mt\"},{\"@type\":\"BreadcrumbList\",\"@id\":\"https:\\\/\\\/cml-latin.cl\\\/site\\\/producto\\\/meson-de-trabajo-15x1mts-esp-3mm-90cm-altura-ruedas\\\/#breadcrumb\",\"itemListElement\":[{\"@type\":\"ListItem\",\"position\":1,\"name\":\"Portada\",\"item\":\"https:\\\/\\\/cml-latin.cl\\\/site\\\/\"},{\"@type\":\"ListItem\",\"position\":2,\"name\":\"Tienda\",\"item\":\"https:\\\/\\\/cml-latin.cl\\\/site\\\/tienda\\\/\"},{\"@type\":\"ListItem\",\"position\":3,\"name\":\"Mes\u00f3n De Trabajo (1,5x1mts esp. 3mm 90CM Altura \\\/ Ruedas)\"}]},{\"@type\":\"WebSite\",\"@id\":\"https:\\\/\\\/cml-latin.cl\\\/site\\\/#website\",\"url\":\"https:\\\/\\\/cml-latin.cl\\\/site\\\/\",\"name\":\"CML\",\"description\":\"\",\"publisher\":{\"@id\":\"https:\\\/\\\/cml-latin.cl\\\/site\\\/#organization\"},\"potentialAction\":[{\"@type\":\"SearchAction\",\"target\":{\"@type\":\"EntryPoint\",\"urlTemplate\":\"https:\\\/\\\/cml-latin.cl\\\/site\\\/?s={search_term_string}\"},\"query-input\":{\"@type\":\"PropertyValueSpecification\",\"valueRequired\":true,\"valueName\":\"search_term_string\"}}],\"inLanguage\":\"es\"},{\"@type\":\"Organization\",\"@id\":\"https:\\\/\\\/cml-latin.cl\\\/site\\\/#organization\",\"name\":\"CML\",\"url\":\"https:\\\/\\\/cml-latin.cl\\\/site\\\/\",\"logo\":{\"@type\":\"ImageObject\",\"inLanguage\":\"es\",\"@id\":\"https:\\\/\\\/cml-latin.cl\\\/site\\\/#\\\/schema\\\/logo\\\/image\\\/\",\"url\":\"https:\\\/\\\/cml-latin.cl\\\/site\\\/wp-content\\\/uploads\\\/2019\\\/05\\\/cropped-logoOKGG.png\",\"contentUrl\":\"https:\\\/\\\/cml-latin.cl\\\/site\\\/wp-content\\\/uploads\\\/2019\\\/05\\\/cropped-logoOKGG.png\",\"width\":512,\"height\":140,\"caption\":\"CML\"},\"image\":{\"@id\":\"https:\\\/\\\/cml-latin.cl\\\/site\\\/#\\\/schema\\\/logo\\\/image\\\/\"}}]}<\/script>\n<!-- \/ Yoast SEO plugin. -->","yoast_head_json":{"title":"Mes\u00f3n De Trabajo (1,5x1mts esp. 3mm 90CM Altura \/ Ruedas) - CML","robots":{"index":"index","follow":"follow","max-snippet":"max-snippet:-1","max-image-preview":"max-image-preview:large","max-video-preview":"max-video-preview:-1"},"canonical":"https:\/\/cml-latin.cl\/site\/producto\/meson-de-trabajo-15x1mts-esp-3mm-90cm-altura-ruedas\/","og_locale":"es_ES","og_type":"article","og_title":"Mes\u00f3n De Trabajo (1,5x1mts esp. 3mm 90CM Altura \/ Ruedas) - CML","og_description":"Especificaciones: Medidas 1,5 Metros de largo 1 Metro de ancho 90 Cent\u00edmetros de alto (incluye ruedas) Placha superior de metal 3 Mil\u00edmetro de espesor Dos ruedas con freno y dos ruedas sin freno, unida a cuatro extremidades Anticorrosivo 1 mil\u00edmetro y esmalte para fierro color azul rey Soldadura en estructura rectangular cuadrados de 50x50x2MM cuatro [&hellip;]","og_url":"https:\/\/cml-latin.cl\/site\/producto\/meson-de-trabajo-15x1mts-esp-3mm-90cm-altura-ruedas\/","og_site_name":"CML","article_modified_time":"2023-05-03T19:04:31+00:00","og_image":[{"width":250,"height":151,"url":"https:\/\/cml-latin.cl\/site\/wp-content\/uploads\/2022\/08\/meson-1.5x1mt-e1660082087884.jpg","type":"image\/jpeg"}],"twitter_card":"summary_large_image","twitter_misc":{"Tiempo de lectura":"1 minuto"},"schema":{"@context":"https:\/\/schema.org","@graph":[{"@type":"WebPage","@id":"https:\/\/cml-latin.cl\/site\/producto\/meson-de-trabajo-15x1mts-esp-3mm-90cm-altura-ruedas\/","url":"https:\/\/cml-latin.cl\/site\/producto\/meson-de-trabajo-15x1mts-esp-3mm-90cm-altura-ruedas\/","name":"Mes\u00f3n De Trabajo (1,5x1mts esp. 3mm 90CM Altura \/ Ruedas) - CML","isPartOf":{"@id":"https:\/\/cml-latin.cl\/site\/#website"},"primaryImageOfPage":{"@id":"https:\/\/cml-latin.cl\/site\/producto\/meson-de-trabajo-15x1mts-esp-3mm-90cm-altura-ruedas\/#primaryimage"},"image":{"@id":"https:\/\/cml-latin.cl\/site\/producto\/meson-de-trabajo-15x1mts-esp-3mm-90cm-altura-ruedas\/#primaryimage"},"thumbnailUrl":"https:\/\/cml-latin.cl\/site\/wp-content\/uploads\/2022\/08\/meson-1.5x1mt-e1660082087884.jpg","datePublished":"2022-08-09T21:55:41+00:00","dateModified":"2023-05-03T19:04:31+00:00","breadcrumb":{"@id":"https:\/\/cml-latin.cl\/site\/producto\/meson-de-trabajo-15x1mts-esp-3mm-90cm-altura-ruedas\/#breadcrumb"},"inLanguage":"es","potentialAction":[{"@type":"ReadAction","target":["https:\/\/cml-latin.cl\/site\/producto\/meson-de-trabajo-15x1mts-esp-3mm-90cm-altura-ruedas\/"]}]},{"@type":"ImageObject","inLanguage":"es","@id":"https:\/\/cml-latin.cl\/site\/producto\/meson-de-trabajo-15x1mts-esp-3mm-90cm-altura-ruedas\/#primaryimage","url":"https:\/\/cml-latin.cl\/site\/wp-content\/uploads\/2022\/08\/meson-1.5x1mt-e1660082087884.jpg","contentUrl":"https:\/\/cml-latin.cl\/site\/wp-content\/uploads\/2022\/08\/meson-1.5x1mt-e1660082087884.jpg","width":250,"height":151,"caption":"meson 1.5x1mt"},{"@type":"BreadcrumbList","@id":"https:\/\/cml-latin.cl\/site\/producto\/meson-de-trabajo-15x1mts-esp-3mm-90cm-altura-ruedas\/#breadcrumb","itemListElement":[{"@type":"ListItem","position":1,"name":"Portada","item":"https:\/\/cml-latin.cl\/site\/"},{"@type":"ListItem","position":2,"name":"Tienda","item":"https:\/\/cml-latin.cl\/site\/tienda\/"},{"@type":"ListItem","position":3,"name":"Mes\u00f3n De Trabajo (1,5x1mts esp. 3mm 90CM Altura \/ Ruedas)"}]},{"@type":"WebSite","@id":"https:\/\/cml-latin.cl\/site\/#website","url":"https:\/\/cml-latin.cl\/site\/","name":"CML","description":"","publisher":{"@id":"https:\/\/cml-latin.cl\/site\/#organization"},"potentialAction":[{"@type":"SearchAction","target":{"@type":"EntryPoint","urlTemplate":"https:\/\/cml-latin.cl\/site\/?s={search_term_string}"},"query-input":{"@type":"PropertyValueSpecification","valueRequired":true,"valueName":"search_term_string"}}],"inLanguage":"es"},{"@type":"Organization","@id":"https:\/\/cml-latin.cl\/site\/#organization","name":"CML","url":"https:\/\/cml-latin.cl\/site\/","logo":{"@type":"ImageObject","inLanguage":"es","@id":"https:\/\/cml-latin.cl\/site\/#\/schema\/logo\/image\/","url":"https:\/\/cml-latin.cl\/site\/wp-content\/uploads\/2019\/05\/cropped-logoOKGG.png","contentUrl":"https:\/\/cml-latin.cl\/site\/wp-content\/uploads\/2019\/05\/cropped-logoOKGG.png","width":512,"height":140,"caption":"CML"},"image":{"@id":"https:\/\/cml-latin.cl\/site\/#\/schema\/logo\/image\/"}}]}},"_links":{"self":[{"href":"https:\/\/cml-latin.cl\/site\/wp-json\/wp\/v2\/product\/2151","targetHints":{"allow":["GET"]}}],"collection":[{"href":"https:\/\/cml-latin.cl\/site\/wp-json\/wp\/v2\/product"}],"about":[{"href":"https:\/\/cml-latin.cl\/site\/wp-json\/wp\/v2\/types\/product"}],"replies":[{"embeddable":true,"href":"https:\/\/cml-latin.cl\/site\/wp-json\/wp\/v2\/comments?post=2151"}],"wp:featuredmedia":[{"embeddable":true,"href":"https:\/\/cml-latin.cl\/site\/wp-json\/wp\/v2\/media\/2152"}],"wp:attachment":[{"href":"https:\/\/cml-latin.cl\/site\/wp-json\/wp\/v2\/media?parent=2151"}],"wp:term":[{"taxonomy":"product_brand","embeddable":true,"href":"https:\/\/cml-latin.cl\/site\/wp-json\/wp\/v2\/product_brand?post=2151"},{"taxonomy":"product_cat","embeddable":true,"href":"https:\/\/cml-latin.cl\/site\/wp-json\/wp\/v2\/product_cat?post=2151"},{"taxonomy":"product_tag","embeddable":true,"href":"https:\/\/cml-latin.cl\/site\/wp-json\/wp\/v2\/product_tag?post=2151"}],"curies":[{"name":"wp","href":"https:\/\/api.w.org\/{rel}","templated":true}]}}