{"id":213,"date":"2019-05-16T22:29:35","date_gmt":"2019-05-17T02:29:35","guid":{"rendered":"http:\/\/cml-latin.cl\/site\/?post_type=product&#038;p=213"},"modified":"2021-08-18T09:24:42","modified_gmt":"2021-08-18T13:24:42","slug":"conector-acople-rapido","status":"publish","type":"product","link":"https:\/\/cml-latin.cl\/site\/producto\/conector-acople-rapido\/","title":{"rendered":"Conector acople r\u00e1pido"},"content":{"rendered":"","protected":false},"excerpt":{"rendered":"<p>Conector dise\u00f1ado para la conexi\u00f3n entre mangueras layflat y lineas de riego de 16 mm.<\/p>\n<ul>\n<li>No presenta filtraciones entre manguera, debido a que se encuentra provisto de ajuste de sello hidra\u00falico.<\/li>\n<li>Protegido con filtro UV.<\/li>\n<li>Presi\u00f3n m\u00e1xima de trabajo 100 psi mayor a la presi\u00f3n de operaci\u00f3n, recomendable para riego continuo y ON-OFF.<\/li>\n<li>Resistente a soluciones \u00e1cidas. Su dise\u00f1o permite un f\u00e1cil acople con el m\u00ednimo esfuerzo.<\/li>\n<li>No afecto a contracci\u00f3n dilataci\u00f3n ya que posee un anillo que evita el desacople de la manguera de l\u00ednea de goteros.<\/li>\n<\/ul>\n","protected":false},"featured_media":214,"comment_status":"closed","ping_status":"closed","template":"","meta":[],"product_brand":[],"product_cat":[48],"product_tag":[],"class_list":{"0":"post-213","1":"product","2":"type-product","3":"status-publish","4":"has-post-thumbnail","6":"product_cat-lixiviacion","8":"first","9":"instock","10":"shipping-taxable","11":"product-type-simple","12":"czr-hentry"},"yoast_head":"<!-- This site is optimized with the Yoast SEO plugin v27.4 - https:\/\/yoast.com\/product\/yoast-seo-wordpress\/ -->\n<title>Conector acople r\u00e1pido - CML<\/title>\n<meta name=\"robots\" content=\"index, follow, max-snippet:-1, max-image-preview:large, max-video-preview:-1\" \/>\n<link rel=\"canonical\" href=\"https:\/\/cml-latin.cl\/site\/producto\/conector-acople-rapido\/\" \/>\n<meta property=\"og:locale\" content=\"es_ES\" \/>\n<meta property=\"og:type\" content=\"article\" \/>\n<meta property=\"og:title\" content=\"Conector acople r\u00e1pido - CML\" \/>\n<meta property=\"og:description\" content=\"Conector dise\u00f1ado para la conexi\u00f3n entre mangueras layflat y lineas de riego de 16 mm.   No presenta filtraciones entre manguera, debido a que se encuentra provisto de ajuste de sello hidra\u00falico.  Protegido con filtro UV.  Presi\u00f3n m\u00e1xima de trabajo 100 psi mayor a la presi\u00f3n de operaci\u00f3n, recomendable para riego continuo y ON-OFF.  Resistente a soluciones \u00e1cidas. Su dise\u00f1o permite un f\u00e1cil acople con el m\u00ednimo esfuerzo.  No afecto a contracci\u00f3n dilataci\u00f3n ya que posee un anillo que evita el desacople de la manguera de l\u00ednea de goteros.\" \/>\n<meta property=\"og:url\" content=\"https:\/\/cml-latin.cl\/site\/producto\/conector-acople-rapido\/\" \/>\n<meta property=\"og:site_name\" content=\"CML\" \/>\n<meta property=\"article:modified_time\" content=\"2021-08-18T13:24:42+00:00\" \/>\n<meta property=\"og:image\" content=\"https:\/\/cml-latin.cl\/site\/wp-content\/uploads\/2019\/05\/conector-acople-rapido.jpg\" \/>\n\t<meta property=\"og:image:width\" content=\"1280\" \/>\n\t<meta property=\"og:image:height\" content=\"853\" \/>\n\t<meta property=\"og:image:type\" content=\"image\/jpeg\" \/>\n<meta name=\"twitter:card\" content=\"summary_large_image\" \/>\n<script type=\"application\/ld+json\" class=\"yoast-schema-graph\">{\"@context\":\"https:\\\/\\\/schema.org\",\"@graph\":[{\"@type\":\"WebPage\",\"@id\":\"https:\\\/\\\/cml-latin.cl\\\/site\\\/producto\\\/conector-acople-rapido\\\/\",\"url\":\"https:\\\/\\\/cml-latin.cl\\\/site\\\/producto\\\/conector-acople-rapido\\\/\",\"name\":\"Conector acople r\u00e1pido - CML\",\"isPartOf\":{\"@id\":\"https:\\\/\\\/cml-latin.cl\\\/site\\\/#website\"},\"primaryImageOfPage\":{\"@id\":\"https:\\\/\\\/cml-latin.cl\\\/site\\\/producto\\\/conector-acople-rapido\\\/#primaryimage\"},\"image\":{\"@id\":\"https:\\\/\\\/cml-latin.cl\\\/site\\\/producto\\\/conector-acople-rapido\\\/#primaryimage\"},\"thumbnailUrl\":\"https:\\\/\\\/cml-latin.cl\\\/site\\\/wp-content\\\/uploads\\\/2019\\\/05\\\/conector-acople-rapido.jpg\",\"datePublished\":\"2019-05-17T02:29:35+00:00\",\"dateModified\":\"2021-08-18T13:24:42+00:00\",\"breadcrumb\":{\"@id\":\"https:\\\/\\\/cml-latin.cl\\\/site\\\/producto\\\/conector-acople-rapido\\\/#breadcrumb\"},\"inLanguage\":\"es\",\"potentialAction\":[{\"@type\":\"ReadAction\",\"target\":[\"https:\\\/\\\/cml-latin.cl\\\/site\\\/producto\\\/conector-acople-rapido\\\/\"]}]},{\"@type\":\"ImageObject\",\"inLanguage\":\"es\",\"@id\":\"https:\\\/\\\/cml-latin.cl\\\/site\\\/producto\\\/conector-acople-rapido\\\/#primaryimage\",\"url\":\"https:\\\/\\\/cml-latin.cl\\\/site\\\/wp-content\\\/uploads\\\/2019\\\/05\\\/conector-acople-rapido.jpg\",\"contentUrl\":\"https:\\\/\\\/cml-latin.cl\\\/site\\\/wp-content\\\/uploads\\\/2019\\\/05\\\/conector-acople-rapido.jpg\",\"width\":1280,\"height\":853,\"caption\":\"conector acople rapido\"},{\"@type\":\"BreadcrumbList\",\"@id\":\"https:\\\/\\\/cml-latin.cl\\\/site\\\/producto\\\/conector-acople-rapido\\\/#breadcrumb\",\"itemListElement\":[{\"@type\":\"ListItem\",\"position\":1,\"name\":\"Portada\",\"item\":\"https:\\\/\\\/cml-latin.cl\\\/site\\\/\"},{\"@type\":\"ListItem\",\"position\":2,\"name\":\"Tienda\",\"item\":\"https:\\\/\\\/cml-latin.cl\\\/site\\\/tienda\\\/\"},{\"@type\":\"ListItem\",\"position\":3,\"name\":\"Conector acople r\u00e1pido\"}]},{\"@type\":\"WebSite\",\"@id\":\"https:\\\/\\\/cml-latin.cl\\\/site\\\/#website\",\"url\":\"https:\\\/\\\/cml-latin.cl\\\/site\\\/\",\"name\":\"CML\",\"description\":\"\",\"publisher\":{\"@id\":\"https:\\\/\\\/cml-latin.cl\\\/site\\\/#organization\"},\"potentialAction\":[{\"@type\":\"SearchAction\",\"target\":{\"@type\":\"EntryPoint\",\"urlTemplate\":\"https:\\\/\\\/cml-latin.cl\\\/site\\\/?s={search_term_string}\"},\"query-input\":{\"@type\":\"PropertyValueSpecification\",\"valueRequired\":true,\"valueName\":\"search_term_string\"}}],\"inLanguage\":\"es\"},{\"@type\":\"Organization\",\"@id\":\"https:\\\/\\\/cml-latin.cl\\\/site\\\/#organization\",\"name\":\"CML\",\"url\":\"https:\\\/\\\/cml-latin.cl\\\/site\\\/\",\"logo\":{\"@type\":\"ImageObject\",\"inLanguage\":\"es\",\"@id\":\"https:\\\/\\\/cml-latin.cl\\\/site\\\/#\\\/schema\\\/logo\\\/image\\\/\",\"url\":\"https:\\\/\\\/cml-latin.cl\\\/site\\\/wp-content\\\/uploads\\\/2019\\\/05\\\/cropped-logoOKGG.png\",\"contentUrl\":\"https:\\\/\\\/cml-latin.cl\\\/site\\\/wp-content\\\/uploads\\\/2019\\\/05\\\/cropped-logoOKGG.png\",\"width\":512,\"height\":140,\"caption\":\"CML\"},\"image\":{\"@id\":\"https:\\\/\\\/cml-latin.cl\\\/site\\\/#\\\/schema\\\/logo\\\/image\\\/\"}}]}<\/script>\n<!-- \/ Yoast SEO plugin. -->","yoast_head_json":{"title":"Conector acople r\u00e1pido - CML","robots":{"index":"index","follow":"follow","max-snippet":"max-snippet:-1","max-image-preview":"max-image-preview:large","max-video-preview":"max-video-preview:-1"},"canonical":"https:\/\/cml-latin.cl\/site\/producto\/conector-acople-rapido\/","og_locale":"es_ES","og_type":"article","og_title":"Conector acople r\u00e1pido - CML","og_description":"Conector dise\u00f1ado para la conexi\u00f3n entre mangueras layflat y lineas de riego de 16 mm.   No presenta filtraciones entre manguera, debido a que se encuentra provisto de ajuste de sello hidra\u00falico.  Protegido con filtro UV.  Presi\u00f3n m\u00e1xima de trabajo 100 psi mayor a la presi\u00f3n de operaci\u00f3n, recomendable para riego continuo y ON-OFF.  Resistente a soluciones \u00e1cidas. Su dise\u00f1o permite un f\u00e1cil acople con el m\u00ednimo esfuerzo.  No afecto a contracci\u00f3n dilataci\u00f3n ya que posee un anillo que evita el desacople de la manguera de l\u00ednea de goteros.","og_url":"https:\/\/cml-latin.cl\/site\/producto\/conector-acople-rapido\/","og_site_name":"CML","article_modified_time":"2021-08-18T13:24:42+00:00","og_image":[{"width":1280,"height":853,"url":"https:\/\/cml-latin.cl\/site\/wp-content\/uploads\/2019\/05\/conector-acople-rapido.jpg","type":"image\/jpeg"}],"twitter_card":"summary_large_image","schema":{"@context":"https:\/\/schema.org","@graph":[{"@type":"WebPage","@id":"https:\/\/cml-latin.cl\/site\/producto\/conector-acople-rapido\/","url":"https:\/\/cml-latin.cl\/site\/producto\/conector-acople-rapido\/","name":"Conector acople r\u00e1pido - CML","isPartOf":{"@id":"https:\/\/cml-latin.cl\/site\/#website"},"primaryImageOfPage":{"@id":"https:\/\/cml-latin.cl\/site\/producto\/conector-acople-rapido\/#primaryimage"},"image":{"@id":"https:\/\/cml-latin.cl\/site\/producto\/conector-acople-rapido\/#primaryimage"},"thumbnailUrl":"https:\/\/cml-latin.cl\/site\/wp-content\/uploads\/2019\/05\/conector-acople-rapido.jpg","datePublished":"2019-05-17T02:29:35+00:00","dateModified":"2021-08-18T13:24:42+00:00","breadcrumb":{"@id":"https:\/\/cml-latin.cl\/site\/producto\/conector-acople-rapido\/#breadcrumb"},"inLanguage":"es","potentialAction":[{"@type":"ReadAction","target":["https:\/\/cml-latin.cl\/site\/producto\/conector-acople-rapido\/"]}]},{"@type":"ImageObject","inLanguage":"es","@id":"https:\/\/cml-latin.cl\/site\/producto\/conector-acople-rapido\/#primaryimage","url":"https:\/\/cml-latin.cl\/site\/wp-content\/uploads\/2019\/05\/conector-acople-rapido.jpg","contentUrl":"https:\/\/cml-latin.cl\/site\/wp-content\/uploads\/2019\/05\/conector-acople-rapido.jpg","width":1280,"height":853,"caption":"conector acople rapido"},{"@type":"BreadcrumbList","@id":"https:\/\/cml-latin.cl\/site\/producto\/conector-acople-rapido\/#breadcrumb","itemListElement":[{"@type":"ListItem","position":1,"name":"Portada","item":"https:\/\/cml-latin.cl\/site\/"},{"@type":"ListItem","position":2,"name":"Tienda","item":"https:\/\/cml-latin.cl\/site\/tienda\/"},{"@type":"ListItem","position":3,"name":"Conector acople r\u00e1pido"}]},{"@type":"WebSite","@id":"https:\/\/cml-latin.cl\/site\/#website","url":"https:\/\/cml-latin.cl\/site\/","name":"CML","description":"","publisher":{"@id":"https:\/\/cml-latin.cl\/site\/#organization"},"potentialAction":[{"@type":"SearchAction","target":{"@type":"EntryPoint","urlTemplate":"https:\/\/cml-latin.cl\/site\/?s={search_term_string}"},"query-input":{"@type":"PropertyValueSpecification","valueRequired":true,"valueName":"search_term_string"}}],"inLanguage":"es"},{"@type":"Organization","@id":"https:\/\/cml-latin.cl\/site\/#organization","name":"CML","url":"https:\/\/cml-latin.cl\/site\/","logo":{"@type":"ImageObject","inLanguage":"es","@id":"https:\/\/cml-latin.cl\/site\/#\/schema\/logo\/image\/","url":"https:\/\/cml-latin.cl\/site\/wp-content\/uploads\/2019\/05\/cropped-logoOKGG.png","contentUrl":"https:\/\/cml-latin.cl\/site\/wp-content\/uploads\/2019\/05\/cropped-logoOKGG.png","width":512,"height":140,"caption":"CML"},"image":{"@id":"https:\/\/cml-latin.cl\/site\/#\/schema\/logo\/image\/"}}]}},"_links":{"self":[{"href":"https:\/\/cml-latin.cl\/site\/wp-json\/wp\/v2\/product\/213","targetHints":{"allow":["GET"]}}],"collection":[{"href":"https:\/\/cml-latin.cl\/site\/wp-json\/wp\/v2\/product"}],"about":[{"href":"https:\/\/cml-latin.cl\/site\/wp-json\/wp\/v2\/types\/product"}],"replies":[{"embeddable":true,"href":"https:\/\/cml-latin.cl\/site\/wp-json\/wp\/v2\/comments?post=213"}],"wp:featuredmedia":[{"embeddable":true,"href":"https:\/\/cml-latin.cl\/site\/wp-json\/wp\/v2\/media\/214"}],"wp:attachment":[{"href":"https:\/\/cml-latin.cl\/site\/wp-json\/wp\/v2\/media?parent=213"}],"wp:term":[{"taxonomy":"product_brand","embeddable":true,"href":"https:\/\/cml-latin.cl\/site\/wp-json\/wp\/v2\/product_brand?post=213"},{"taxonomy":"product_cat","embeddable":true,"href":"https:\/\/cml-latin.cl\/site\/wp-json\/wp\/v2\/product_cat?post=213"},{"taxonomy":"product_tag","embeddable":true,"href":"https:\/\/cml-latin.cl\/site\/wp-json\/wp\/v2\/product_tag?post=213"}],"curies":[{"name":"wp","href":"https:\/\/api.w.org\/{rel}","templated":true}]}}